{"id":5073,"date":"2024-01-29T12:24:21","date_gmt":"2024-01-29T11:24:21","guid":{"rendered":"https:\/\/ats-leibbrand.de\/?page_id=5073"},"modified":"2024-03-05T18:27:01","modified_gmt":"2024-03-05T17:27:01","slug":"kunden","status":"publish","type":"page","link":"https:\/\/ats-leibbrand.de\/en\/kunden\/","title":{"rendered":"Kunden"},"content":{"rendered":"\t\t<div data-elementor-type=\"wp-page\" data-elementor-id=\"5073\" class=\"elementor elementor-5073\" data-elementor-post-type=\"page\">\n\t\t\t\t<div class=\"elementor-element elementor-element-13f6989 e-flex e-con-boxed e-con e-parent\" data-id=\"13f6989\" data-element_type=\"container\" data-e-type=\"container\">\n\t\t\t\t\t<div class=\"e-con-inner\">\n\t\t<div class=\"elementor-element elementor-element-0558c45 e-con-full e-flex e-con e-child\" data-id=\"0558c45\" data-element_type=\"container\" data-e-type=\"container\">\n\t\t\t\t<div class=\"elementor-element elementor-element-4d07be9 elementor-widget elementor-widget-heading\" data-id=\"4d07be9\" data-element_type=\"widget\" data-e-type=\"widget\" data-widget_type=\"heading.default\">\n\t\t\t\t<div class=\"elementor-widget-container\">\n\t\t\t\t\t<h2 class=\"elementor-heading-title elementor-size-default\">Referenzen<\/h2>\t\t\t\t<\/div>\n\t\t\t\t<\/div>\n\t\t\t\t<\/div>\n\t\t<div class=\"elementor-element elementor-element-42bc8b0 e-con-full e-flex e-con e-child\" data-id=\"42bc8b0\" data-element_type=\"container\" data-e-type=\"container\">\n\t\t\t\t<div class=\"elementor-element elementor-element-ebaf212 elementor-widget elementor-widget-text-editor\" data-id=\"ebaf212\" data-element_type=\"widget\" data-e-type=\"widget\" data-widget_type=\"text-editor.default\">\n\t\t\t\t<div class=\"elementor-widget-container\">\n\t\t\t\t\t\t\t\t\t<div class=\"flex flex-grow flex-col max-w-full\"><div class=\"min-h-[20px] text-message flex flex-col items-start gap-3 whitespace-pre-wrap break-words [.text-message+&amp;]:mt-5 overflow-x-auto\" data-message-author-role=\"assistant\" data-message-id=\"80fed409-9102-4cb3-bfbd-0ccf0c71e119\"><div class=\"markdown prose w-full break-words dark:prose-invert light\"><p>Jedes Unternehmen ist einzigartig, und deshalb arbeiten wir daran, innovative Ideen und Ma\u00dfnahmen voranzutreiben, um zuk\u00fcnftiges Wachstum und Mehrwert f\u00fcr unsere Kunden zu schaffen. Wir setzen uns aktiv f\u00fcr Transformation ein, suchen nach Chancen, l\u00f6sen Herausforderungen und nehmen effizient an jeder neuen Digitalisierungsinitiative teil.<\/p><\/div><\/div><\/div><div class=\"mt-1 flex justify-start gap-3 empty:hidden\"><div class=\"text-gray-400 flex self-end lg:self-center justify-center lg:justify-start mt-0 -ml-1 visible\">\u00a0<\/div><\/div>\t\t\t\t\t\t\t\t<\/div>\n\t\t\t\t<\/div>\n\t\t\t\t<\/div>\n\t\t\t\t\t<\/div>\n\t\t\t\t<\/div>\n\t\t<div class=\"elementor-element elementor-element-5b5e8ff e-flex e-con-boxed e-con e-parent\" data-id=\"5b5e8ff\" data-element_type=\"container\" data-e-type=\"container\" data-settings=\"{&quot;background_background&quot;:&quot;classic&quot;}\">\n\t\t\t\t\t<div class=\"e-con-inner\">\n\t\t<div class=\"elementor-element elementor-element-a40150a e-con-full e-flex e-con e-child\" data-id=\"a40150a\" data-element_type=\"container\" data-e-type=\"container\">\n\t\t\t\t<div class=\"elementor-element elementor-element-7a7022e elementor-widget elementor-widget-heading\" data-id=\"7a7022e\" data-element_type=\"widget\" data-e-type=\"widget\" data-widget_type=\"heading.default\">\n\t\t\t\t<div class=\"elementor-widget-container\">\n\t\t\t\t\t<h3 class=\"elementor-heading-title elementor-size-default\">GOPA-International Energy Consultants GmbH<\/h3>\t\t\t\t<\/div>\n\t\t\t\t<\/div>\n\t\t\t\t<div class=\"elementor-element elementor-element-0b9f7b0 elementor-widget elementor-widget-text-editor\" data-id=\"0b9f7b0\" data-element_type=\"widget\" data-e-type=\"widget\" data-widget_type=\"text-editor.default\">\n\t\t\t\t<div class=\"elementor-widget-container\">\n\t\t\t\t\t\t\t\t\t<p>Sehr geehrte Damen und Herren,<\/p><p>GOPA-International Energy Consultants GmbH ist ein deutsches, unabh\u00e4ngiges Energieberatungsunternehmen mit einem globalen Fokus. Unser Ziel ist die Optimierung von verschiedenen Energieversorgungsmethoden. Wir sind darauf spezialisiert, sie zukunftsf\u00e4hig und sicher zu machen.<\/p><p>Im Rahmen unserer Initiative zur Zukunftsf\u00e4higkeit des Unternehmens arbeiten wir an einer digitalen Transformation und der entsprechenden Umstellung unserer Prozesse. Wir wollen unsere Projektabwicklung durch den Einsatz von verschiedenen digitalen Tools und Arbeitsweisen sowie SharePoint Communication Pages weiter verbessern.<\/p><p>Matthias Leibbrand ist als Berater f\u00fcr die digitale Transformation f\u00fcr uns t\u00e4tig und hat eine entscheidende Rolle bei der Schulung unserer Mitarbeiterinnen und Mitarbeiter, insbesondere im Bereich Teams und SharePoint. Dar\u00fcber hinaus hat er eine umfassende Digitalstrategie entwickelt und eine klare Roadmap f\u00fcr den detaillierten Rollout unserer Digitalisierungsinitiative erstellt. Seine Schulungen erstreckten sich auch auf unsere Niederlassungen in den Vereinigten Arabischen Emiraten und Nigeria.<\/p><p>Dar\u00fcber hinaus hat Herr Leibbrand E-Learning Material f\u00fcr den die Mitarbeiter erarbeitet. Er hat weiterhin die Struktur unserer Microsoft Teams-Kan\u00e4le f\u00fcr die Zentrale und die Niederlassungen optimiert, um die Kommunikation zu erleichtern und den Informationsaustausch zu f\u00f6rdern. Sein Beitrag hat dazu beigetragen, unsere Projekte effizienter zu gestalten und unsere digitale Pr\u00e4senz zu st\u00e4rken.<\/p><p><strong>intec<\/strong><\/p><p>GOPA-International Energy Consultants GmbH<\/p>\t\t\t\t\t\t\t\t<\/div>\n\t\t\t\t<\/div>\n\t\t\t\t<\/div>\n\t\t\t\t\t<\/div>\n\t\t\t\t<\/div>\n\t\t\t\t<section class=\"elementor-section elementor-top-section elementor-element elementor-element-fbce944 elementor-section-stretched elementor-section-boxed elementor-section-height-default elementor-section-height-default\" data-id=\"fbce944\" data-element_type=\"section\" data-e-type=\"section\" data-settings=\"{&quot;stretch_section&quot;:&quot;section-stretched&quot;,&quot;background_background&quot;:&quot;classic&quot;}\">\n\t\t\t\t\t\t<div class=\"elementor-container elementor-column-gap-wider\">\n\t\t\t\t\t<div class=\"elementor-column elementor-col-100 elementor-top-column elementor-element elementor-element-5004154\" data-id=\"5004154\" data-element_type=\"column\" data-e-type=\"column\" data-settings=\"{&quot;background_background&quot;:&quot;classic&quot;}\">\n\t\t\t<div class=\"elementor-widget-wrap elementor-element-populated\">\n\t\t\t\t\t\t<div class=\"elementor-element elementor-element-6e44cc3 elementor-widget elementor-widget-heading\" data-id=\"6e44cc3\" data-element_type=\"widget\" data-e-type=\"widget\" data-widget_type=\"heading.default\">\n\t\t\t\t<div class=\"elementor-widget-container\">\n\t\t\t\t\t<h2 class=\"elementor-heading-title elementor-size-default\">Driving Sustainable Growth Through Digital Transformation<\/h2>\t\t\t\t<\/div>\n\t\t\t\t<\/div>\n\t\t\t\t<div class=\"elementor-element elementor-element-49d13df elementor-align-center elementor-widget elementor-widget-the7_button_widget\" data-id=\"49d13df\" data-element_type=\"widget\" data-e-type=\"widget\" data-widget_type=\"the7_button_widget.default\">\n\t\t\t\t<div class=\"elementor-widget-container\">\n\t\t\t\t\t<div class=\"elementor-button-wrapper\"><a href=\"#kontakt\" class=\"box-button elementor-button elementor-size-lg\">Jetzt Kontaktieren<\/a><\/div>\t\t\t\t<\/div>\n\t\t\t\t<\/div>\n\t\t\t\t\t<\/div>\n\t\t<\/div>\n\t\t\t\t\t<\/div>\n\t\t<\/section>\n\t\t\t\t<\/div>\n\t\t","protected":false},"excerpt":{"rendered":"<p>Referenzen Jedes Unternehmen ist einzigartig, und deshalb arbeiten wir daran, innovative Ideen und Ma\u00dfnahmen voranzutreiben, um zuk\u00fcnftiges Wachstum und Mehrwert f\u00fcr unsere Kunden zu schaffen. Wir setzen uns aktiv f\u00fcr Transformation ein, suchen nach Chancen, l\u00f6sen Herausforderungen und nehmen effizient an jeder neuen Digitalisierungsinitiative teil. \u00a0 GOPA-International Energy Consultants GmbH Sehr geehrte Damen und Herren,&hellip;<\/p>","protected":false},"author":2,"featured_media":5700,"parent":0,"menu_order":0,"comment_status":"closed","ping_status":"closed","template":"","meta":{"_monsterinsights_skip_tracking":false,"_monsterinsights_sitenote_active":false,"_monsterinsights_sitenote_note":"","_monsterinsights_sitenote_category":0,"footnotes":""},"class_list":["post-5073","page","type-page","status-publish","has-post-thumbnail","hentry"],"yoast_head":"<!-- This site is optimized with the Yoast SEO plugin v27.3 - https:\/\/yoast.com\/product\/yoast-seo-wordpress\/ -->\n<title>Kunden<\/title>\n<meta name=\"description\" content=\"Jedes Unternehmen ist einzigartig, und deshalb arbeiten wir daran, innovative Ideen und Ma\u00dfnahmen voranzutreiben, um zuk\u00fcnftiges Wachstum und Mehrwert f\u00fcr unsere Kunden zu schaffen.\" \/>\n<meta name=\"robots\" content=\"index, follow, max-snippet:-1, max-image-preview:large, max-video-preview:-1\" \/>\n<link rel=\"canonical\" href=\"https:\/\/ats-leibbrand.de\/en\/kunden\/\" \/>\n<meta property=\"og:locale\" content=\"en_GB\" \/>\n<meta property=\"og:type\" content=\"article\" \/>\n<meta property=\"og:title\" content=\"Kunden\" \/>\n<meta property=\"og:description\" content=\"Jedes Unternehmen ist einzigartig, und deshalb arbeiten wir daran, innovative Ideen und Ma\u00dfnahmen voranzutreiben, um zuk\u00fcnftiges Wachstum und Mehrwert f\u00fcr unsere Kunden zu schaffen.\" \/>\n<meta property=\"og:url\" content=\"https:\/\/ats-leibbrand.de\/en\/kunden\/\" \/>\n<meta property=\"og:site_name\" content=\"ATS Leibbrand\" \/>\n<meta property=\"article:modified_time\" content=\"2024-03-05T17:27:01+00:00\" \/>\n<meta property=\"og:image\" content=\"http:\/\/ats-leibbrand.de\/wp-content\/uploads\/2024\/01\/pexels-nubia-navarro-nubikini-1110357.jpg\" \/>\n\t<meta property=\"og:image:width\" content=\"1920\" \/>\n\t<meta property=\"og:image:height\" content=\"1280\" \/>\n\t<meta property=\"og:image:type\" content=\"image\/jpeg\" \/>\n<meta name=\"twitter:card\" content=\"summary_large_image\" \/>\n<meta name=\"twitter:label1\" content=\"Estimated reading time\" \/>\n\t<meta name=\"twitter:data1\" content=\"2 minutes\" \/>\n<script type=\"application\/ld+json\" class=\"yoast-schema-graph\">{\"@context\":\"https:\\\/\\\/schema.org\",\"@graph\":[{\"@type\":\"WebPage\",\"@id\":\"https:\\\/\\\/ats-leibbrand.de\\\/kunden\\\/\",\"url\":\"https:\\\/\\\/ats-leibbrand.de\\\/kunden\\\/\",\"name\":\"Kunden\",\"isPartOf\":{\"@id\":\"https:\\\/\\\/ats-leibbrand.de\\\/#website\"},\"primaryImageOfPage\":{\"@id\":\"https:\\\/\\\/ats-leibbrand.de\\\/kunden\\\/#primaryimage\"},\"image\":{\"@id\":\"https:\\\/\\\/ats-leibbrand.de\\\/kunden\\\/#primaryimage\"},\"thumbnailUrl\":\"https:\\\/\\\/ats-leibbrand.de\\\/wp-content\\\/uploads\\\/2024\\\/01\\\/pexels-nubia-navarro-nubikini-1110357.jpg\",\"datePublished\":\"2024-01-29T11:24:21+00:00\",\"dateModified\":\"2024-03-05T17:27:01+00:00\",\"description\":\"Jedes Unternehmen ist einzigartig, und deshalb arbeiten wir daran, innovative Ideen und Ma\u00dfnahmen voranzutreiben, um zuk\u00fcnftiges Wachstum und Mehrwert f\u00fcr unsere Kunden zu schaffen.\",\"breadcrumb\":{\"@id\":\"https:\\\/\\\/ats-leibbrand.de\\\/kunden\\\/#breadcrumb\"},\"inLanguage\":\"en-GB\",\"potentialAction\":[{\"@type\":\"ReadAction\",\"target\":[\"https:\\\/\\\/ats-leibbrand.de\\\/kunden\\\/\"]}]},{\"@type\":\"ImageObject\",\"inLanguage\":\"en-GB\",\"@id\":\"https:\\\/\\\/ats-leibbrand.de\\\/kunden\\\/#primaryimage\",\"url\":\"https:\\\/\\\/ats-leibbrand.de\\\/wp-content\\\/uploads\\\/2024\\\/01\\\/pexels-nubia-navarro-nubikini-1110357.jpg\",\"contentUrl\":\"https:\\\/\\\/ats-leibbrand.de\\\/wp-content\\\/uploads\\\/2024\\\/01\\\/pexels-nubia-navarro-nubikini-1110357.jpg\",\"width\":1920,\"height\":1280},{\"@type\":\"BreadcrumbList\",\"@id\":\"https:\\\/\\\/ats-leibbrand.de\\\/kunden\\\/#breadcrumb\",\"itemListElement\":[{\"@type\":\"ListItem\",\"position\":1,\"name\":\"Startseite\",\"item\":\"https:\\\/\\\/ats-leibbrand.de\\\/\"},{\"@type\":\"ListItem\",\"position\":2,\"name\":\"Kunden\"}]},{\"@type\":\"WebSite\",\"@id\":\"https:\\\/\\\/ats-leibbrand.de\\\/#website\",\"url\":\"https:\\\/\\\/ats-leibbrand.de\\\/\",\"name\":\"ATS Leibbrand\",\"description\":\"\",\"publisher\":{\"@id\":\"https:\\\/\\\/ats-leibbrand.de\\\/#organization\"},\"potentialAction\":[{\"@type\":\"SearchAction\",\"target\":{\"@type\":\"EntryPoint\",\"urlTemplate\":\"https:\\\/\\\/ats-leibbrand.de\\\/?s={search_term_string}\"},\"query-input\":{\"@type\":\"PropertyValueSpecification\",\"valueRequired\":true,\"valueName\":\"search_term_string\"}}],\"inLanguage\":\"en-GB\"},{\"@type\":\"Organization\",\"@id\":\"https:\\\/\\\/ats-leibbrand.de\\\/#organization\",\"name\":\"ATS Leibbrand\",\"url\":\"https:\\\/\\\/ats-leibbrand.de\\\/\",\"logo\":{\"@type\":\"ImageObject\",\"inLanguage\":\"en-GB\",\"@id\":\"https:\\\/\\\/ats-leibbrand.de\\\/#\\\/schema\\\/logo\\\/image\\\/\",\"url\":\"https:\\\/\\\/ats-leibbrand.de\\\/wp-content\\\/uploads\\\/2024\\\/02\\\/cropped-ats-favicon.png\",\"contentUrl\":\"https:\\\/\\\/ats-leibbrand.de\\\/wp-content\\\/uploads\\\/2024\\\/02\\\/cropped-ats-favicon.png\",\"width\":512,\"height\":512,\"caption\":\"ATS Leibbrand\"},\"image\":{\"@id\":\"https:\\\/\\\/ats-leibbrand.de\\\/#\\\/schema\\\/logo\\\/image\\\/\"}}]}<\/script>\n<!-- \/ Yoast SEO plugin. -->","yoast_head_json":{"title":"Kunden","description":"Jedes Unternehmen ist einzigartig, und deshalb arbeiten wir daran, innovative Ideen und Ma\u00dfnahmen voranzutreiben, um zuk\u00fcnftiges Wachstum und Mehrwert f\u00fcr unsere Kunden zu schaffen.","robots":{"index":"index","follow":"follow","max-snippet":"max-snippet:-1","max-image-preview":"max-image-preview:large","max-video-preview":"max-video-preview:-1"},"canonical":"https:\/\/ats-leibbrand.de\/en\/kunden\/","og_locale":"en_GB","og_type":"article","og_title":"Kunden","og_description":"Jedes Unternehmen ist einzigartig, und deshalb arbeiten wir daran, innovative Ideen und Ma\u00dfnahmen voranzutreiben, um zuk\u00fcnftiges Wachstum und Mehrwert f\u00fcr unsere Kunden zu schaffen.","og_url":"https:\/\/ats-leibbrand.de\/en\/kunden\/","og_site_name":"ATS Leibbrand","article_modified_time":"2024-03-05T17:27:01+00:00","og_image":[{"width":1920,"height":1280,"url":"http:\/\/ats-leibbrand.de\/wp-content\/uploads\/2024\/01\/pexels-nubia-navarro-nubikini-1110357.jpg","type":"image\/jpeg"}],"twitter_card":"summary_large_image","twitter_misc":{"Estimated reading time":"2 minutes"},"schema":{"@context":"https:\/\/schema.org","@graph":[{"@type":"WebPage","@id":"https:\/\/ats-leibbrand.de\/kunden\/","url":"https:\/\/ats-leibbrand.de\/kunden\/","name":"Kunden","isPartOf":{"@id":"https:\/\/ats-leibbrand.de\/#website"},"primaryImageOfPage":{"@id":"https:\/\/ats-leibbrand.de\/kunden\/#primaryimage"},"image":{"@id":"https:\/\/ats-leibbrand.de\/kunden\/#primaryimage"},"thumbnailUrl":"https:\/\/ats-leibbrand.de\/wp-content\/uploads\/2024\/01\/pexels-nubia-navarro-nubikini-1110357.jpg","datePublished":"2024-01-29T11:24:21+00:00","dateModified":"2024-03-05T17:27:01+00:00","description":"Jedes Unternehmen ist einzigartig, und deshalb arbeiten wir daran, innovative Ideen und Ma\u00dfnahmen voranzutreiben, um zuk\u00fcnftiges Wachstum und Mehrwert f\u00fcr unsere Kunden zu schaffen.","breadcrumb":{"@id":"https:\/\/ats-leibbrand.de\/kunden\/#breadcrumb"},"inLanguage":"en-GB","potentialAction":[{"@type":"ReadAction","target":["https:\/\/ats-leibbrand.de\/kunden\/"]}]},{"@type":"ImageObject","inLanguage":"en-GB","@id":"https:\/\/ats-leibbrand.de\/kunden\/#primaryimage","url":"https:\/\/ats-leibbrand.de\/wp-content\/uploads\/2024\/01\/pexels-nubia-navarro-nubikini-1110357.jpg","contentUrl":"https:\/\/ats-leibbrand.de\/wp-content\/uploads\/2024\/01\/pexels-nubia-navarro-nubikini-1110357.jpg","width":1920,"height":1280},{"@type":"BreadcrumbList","@id":"https:\/\/ats-leibbrand.de\/kunden\/#breadcrumb","itemListElement":[{"@type":"ListItem","position":1,"name":"Startseite","item":"https:\/\/ats-leibbrand.de\/"},{"@type":"ListItem","position":2,"name":"Kunden"}]},{"@type":"WebSite","@id":"https:\/\/ats-leibbrand.de\/#website","url":"https:\/\/ats-leibbrand.de\/","name":"ATS Leibbrand","description":"","publisher":{"@id":"https:\/\/ats-leibbrand.de\/#organization"},"potentialAction":[{"@type":"SearchAction","target":{"@type":"EntryPoint","urlTemplate":"https:\/\/ats-leibbrand.de\/?s={search_term_string}"},"query-input":{"@type":"PropertyValueSpecification","valueRequired":true,"valueName":"search_term_string"}}],"inLanguage":"en-GB"},{"@type":"Organization","@id":"https:\/\/ats-leibbrand.de\/#organization","name":"ATS Leibbrand","url":"https:\/\/ats-leibbrand.de\/","logo":{"@type":"ImageObject","inLanguage":"en-GB","@id":"https:\/\/ats-leibbrand.de\/#\/schema\/logo\/image\/","url":"https:\/\/ats-leibbrand.de\/wp-content\/uploads\/2024\/02\/cropped-ats-favicon.png","contentUrl":"https:\/\/ats-leibbrand.de\/wp-content\/uploads\/2024\/02\/cropped-ats-favicon.png","width":512,"height":512,"caption":"ATS Leibbrand"},"image":{"@id":"https:\/\/ats-leibbrand.de\/#\/schema\/logo\/image\/"}}]}},"_links":{"self":[{"href":"https:\/\/ats-leibbrand.de\/en\/wp-json\/wp\/v2\/pages\/5073","targetHints":{"allow":["GET"]}}],"collection":[{"href":"https:\/\/ats-leibbrand.de\/en\/wp-json\/wp\/v2\/pages"}],"about":[{"href":"https:\/\/ats-leibbrand.de\/en\/wp-json\/wp\/v2\/types\/page"}],"author":[{"embeddable":true,"href":"https:\/\/ats-leibbrand.de\/en\/wp-json\/wp\/v2\/users\/2"}],"replies":[{"embeddable":true,"href":"https:\/\/ats-leibbrand.de\/en\/wp-json\/wp\/v2\/comments?post=5073"}],"version-history":[{"count":10,"href":"https:\/\/ats-leibbrand.de\/en\/wp-json\/wp\/v2\/pages\/5073\/revisions"}],"predecessor-version":[{"id":6268,"href":"https:\/\/ats-leibbrand.de\/en\/wp-json\/wp\/v2\/pages\/5073\/revisions\/6268"}],"wp:featuredmedia":[{"embeddable":true,"href":"https:\/\/ats-leibbrand.de\/en\/wp-json\/wp\/v2\/media\/5700"}],"wp:attachment":[{"href":"https:\/\/ats-leibbrand.de\/en\/wp-json\/wp\/v2\/media?parent=5073"}],"curies":[{"name":"wp","href":"https:\/\/api.w.org\/{rel}","templated":true}]}}