{"id":1640,"date":"2021-09-16T18:09:06","date_gmt":"2021-09-16T18:09:06","guid":{"rendered":"https:\/\/the7.io\/consulting\/?page_id=1640"},"modified":"2024-03-05T18:31:15","modified_gmt":"2024-03-05T17:31:15","slug":"leistungen","status":"publish","type":"page","link":"https:\/\/ats-leibbrand.de\/fr\/service\/","title":{"rendered":"Prestations de service"},"content":{"rendered":"<div data-elementor-type=\"wp-page\" data-elementor-id=\"1640\" class=\"elementor elementor-1640\" data-elementor-post-type=\"page\">\n\t\t\t\t<div class=\"elementor-element elementor-element-e74bd9c e-flex e-con-boxed e-con e-parent\" data-id=\"e74bd9c\" data-element_type=\"container\">\n\t\t\t\t\t<div class=\"e-con-inner\">\n\t\t\t\t<div class=\"elementor-element elementor-element-1b1e2b5 elementor-widget elementor-widget-text-editor\" data-id=\"1b1e2b5\" data-element_type=\"widget\" data-widget_type=\"text-editor.default\">\n\t\t\t\t<div class=\"elementor-widget-container\">\n\t\t\t\t\t\t\t\t\t<p>Nos services chez A.T.S. Leibbrand est parfaitement coordonn\u00e9 pour aborder la transformation num\u00e9rique de mani\u00e8re globale. Nous nous appuyons sur des technologies innovantes, notamment l'\u00e9cosyst\u00e8me Microsoft 365, pour optimiser les processus et r\u00e9duire la charge de temps de nos collaborateurs. Avec des outils comme Microsoft 365 avec int\u00e9gration compl\u00e8te de Copilot, nous permettons le travail cr\u00e9atif au plus haut niveau. Parall\u00e8lement, nous abordons des sujets particuliers de coop\u00e9ration internationale, tels que le PRMIS\/RMMV dans les \u00c9tats fragiles. Ces phases sont \u00e9troitement li\u00e9es et contribuent \u00e0 garantir que votre organisation soit efficace et tourn\u00e9e vers l\u2019avenir pour r\u00e9pondre aux d\u00e9fis du monde num\u00e9rique.<\/p><p>Notre force particuli\u00e8re r\u00e9side \u00e9galement dans la formation et la gestion du changement pour les entreprises et organisations op\u00e9rant \u00e0 l\u2019\u00e9chelle internationale. Nous proposons ces formations de mani\u00e8re flexible et moderne, y compris \u00e0 distance, afin de pr\u00e9parer efficacement vos collaborateurs \u00e0 la transformation digitale et de r\u00e9ussir la mise en \u0153uvre des changements.<\/p>\t\t\t\t\t\t\t\t<\/div>\n\t\t\t\t<\/div>\n\t\t\t\t\t<\/div>\n\t\t\t\t<\/div>\n\t\t<div class=\"elementor-element elementor-element-f14ff4d e-flex e-con-boxed e-con e-parent\" data-id=\"f14ff4d\" data-element_type=\"container\">\n\t\t\t\t\t<div class=\"e-con-inner\">\n\t\t\t\t<div class=\"elementor-element elementor-element-f5b08ce elementor-widget elementor-widget-image\" data-id=\"f5b08ce\" data-element_type=\"widget\" data-widget_type=\"image.default\">\n\t\t\t\t<div class=\"elementor-widget-container\">\n\t\t\t\t\t\t\t\t\t\t\t\t\t\t\t\t<a href=\"https:\/\/learn.microsoft.com\/de-de\/microsoft-365-copilot\/extensibility\/ecosystem\" target=\"_blank\">\n\t\t\t\t\t\t\t<img fetchpriority=\"high\" decoding=\"async\" width=\"1024\" height=\"576\" src=\"https:\/\/ats-leibbrand.de\/wp-content\/uploads\/2024\/01\/copilot-system-flow-1024x576.png\" class=\"attachment-large size-large wp-image-5931\" alt=\"\" srcset=\"https:\/\/ats-leibbrand.de\/wp-content\/uploads\/2024\/01\/copilot-system-flow-1024x576.png 1024w, https:\/\/ats-leibbrand.de\/wp-content\/uploads\/2024\/01\/copilot-system-flow-300x169.png 300w, https:\/\/ats-leibbrand.de\/wp-content\/uploads\/2024\/01\/copilot-system-flow-768x432.png 768w, https:\/\/ats-leibbrand.de\/wp-content\/uploads\/2024\/01\/copilot-system-flow-18x10.png 18w, https:\/\/ats-leibbrand.de\/wp-content\/uploads\/2024\/01\/copilot-system-flow.png 1280w\" sizes=\"(max-width: 1024px) 100vw, 1024px\" \/>\t\t\t\t\t\t\t\t<\/a>\n\t\t\t\t\t\t\t\t\t\t\t\t\t\t\t<\/div>\n\t\t\t\t<\/div>\n\t\t\t\t<div class=\"elementor-element elementor-element-dc4fbf9 elementor-widget elementor-widget-text-editor\" data-id=\"dc4fbf9\" data-element_type=\"widget\" data-widget_type=\"text-editor.default\">\n\t\t\t\t<div class=\"elementor-widget-container\">\n\t\t\t\t\t\t\t\t\t<p>Quelle: Microsoft<\/p>\t\t\t\t\t\t\t\t<\/div>\n\t\t\t\t<\/div>\n\t\t\t\t\t<\/div>\n\t\t\t\t<\/div>\n\t\t<div class=\"elementor-element elementor-element-5a65c8f e-flex e-con-boxed e-con e-parent\" data-id=\"5a65c8f\" data-element_type=\"container\">\n\t\t\t\t\t<div class=\"e-con-inner\">\n\t\t<div class=\"elementor-element elementor-element-0cbac47 e-flex e-con-boxed e-con e-child\" data-id=\"0cbac47\" data-element_type=\"container\">\n\t\t\t\t\t<div class=\"e-con-inner\">\n\t\t<a class=\"elementor-element elementor-element-bb50e13 e-con-full e-flex e-con e-child\" data-id=\"bb50e13\" data-element_type=\"container\" href=\"\/fr\/service\/strategie-numerique\/\">\n\t\t\t\t<div class=\"elementor-element elementor-element-ec94681 elementor-widget elementor-widget-image\" data-id=\"ec94681\" data-element_type=\"widget\" data-widget_type=\"image.default\">\n\t\t\t\t<div class=\"elementor-widget-container\">\n\t\t\t\t\t\t\t\t\t\t\t\t\t\t\t<img decoding=\"async\" width=\"1024\" height=\"683\" src=\"https:\/\/ats-leibbrand.de\/wp-content\/uploads\/2024\/01\/luke-chesser-JKUTrJ4vK00-unsplash-1024x683.jpg\" class=\"attachment-large size-large wp-image-5679\" alt=\"\" srcset=\"https:\/\/ats-leibbrand.de\/wp-content\/uploads\/2024\/01\/luke-chesser-JKUTrJ4vK00-unsplash-1024x683.jpg 1024w, https:\/\/ats-leibbrand.de\/wp-content\/uploads\/2024\/01\/luke-chesser-JKUTrJ4vK00-unsplash-300x200.jpg 300w, https:\/\/ats-leibbrand.de\/wp-content\/uploads\/2024\/01\/luke-chesser-JKUTrJ4vK00-unsplash-768x512.jpg 768w, https:\/\/ats-leibbrand.de\/wp-content\/uploads\/2024\/01\/luke-chesser-JKUTrJ4vK00-unsplash-1536x1024.jpg 1536w, https:\/\/ats-leibbrand.de\/wp-content\/uploads\/2024\/01\/luke-chesser-JKUTrJ4vK00-unsplash-18x12.jpg 18w, https:\/\/ats-leibbrand.de\/wp-content\/uploads\/2024\/01\/luke-chesser-JKUTrJ4vK00-unsplash.jpg 1920w\" sizes=\"(max-width: 1024px) 100vw, 1024px\" \/>\t\t\t\t\t\t\t\t\t\t\t\t\t\t\t<\/div>\n\t\t\t\t<\/div>\n\t\t\t\t<div class=\"elementor-element elementor-element-8d34631 elementor-widget elementor-widget-heading\" data-id=\"8d34631\" data-element_type=\"widget\" data-widget_type=\"heading.default\">\n\t\t\t\t<div class=\"elementor-widget-container\">\n\t\t\t\t\t<h3 class=\"elementor-heading-title elementor-size-default\">Strat\u00e9gie num\u00e9rique<\/h3>\t\t\t\t<\/div>\n\t\t\t\t<\/div>\n\t\t\t\t<\/a>\n\t\t<a class=\"elementor-element elementor-element-ead3980 e-con-full e-flex e-con e-child\" data-id=\"ead3980\" data-element_type=\"container\" href=\"\/fr\/service\/feuille-de-route-numerique\/\">\n\t\t\t\t<div class=\"elementor-element elementor-element-043e3fd elementor-widget elementor-widget-image\" data-id=\"043e3fd\" data-element_type=\"widget\" data-widget_type=\"image.default\">\n\t\t\t\t<div class=\"elementor-widget-container\">\n\t\t\t\t\t\t\t\t\t\t\t\t\t\t\t<img decoding=\"async\" width=\"1024\" height=\"683\" src=\"https:\/\/ats-leibbrand.de\/wp-content\/uploads\/2024\/01\/markus-spiske-Skf7HxARcoc-unsplash-1024x683.jpg\" class=\"attachment-large size-large wp-image-5682\" alt=\"\" srcset=\"https:\/\/ats-leibbrand.de\/wp-content\/uploads\/2024\/01\/markus-spiske-Skf7HxARcoc-unsplash-1024x683.jpg 1024w, https:\/\/ats-leibbrand.de\/wp-content\/uploads\/2024\/01\/markus-spiske-Skf7HxARcoc-unsplash-300x200.jpg 300w, https:\/\/ats-leibbrand.de\/wp-content\/uploads\/2024\/01\/markus-spiske-Skf7HxARcoc-unsplash-768x512.jpg 768w, https:\/\/ats-leibbrand.de\/wp-content\/uploads\/2024\/01\/markus-spiske-Skf7HxARcoc-unsplash-1536x1024.jpg 1536w, https:\/\/ats-leibbrand.de\/wp-content\/uploads\/2024\/01\/markus-spiske-Skf7HxARcoc-unsplash-18x12.jpg 18w, https:\/\/ats-leibbrand.de\/wp-content\/uploads\/2024\/01\/markus-spiske-Skf7HxARcoc-unsplash.jpg 1920w\" sizes=\"(max-width: 1024px) 100vw, 1024px\" \/>\t\t\t\t\t\t\t\t\t\t\t\t\t\t\t<\/div>\n\t\t\t\t<\/div>\n\t\t\t\t<div class=\"elementor-element elementor-element-1ccc932 elementor-widget elementor-widget-heading\" data-id=\"1ccc932\" data-element_type=\"widget\" data-widget_type=\"heading.default\">\n\t\t\t\t<div class=\"elementor-widget-container\">\n\t\t\t\t\t<h3 class=\"elementor-heading-title elementor-size-default\">Feuille de route num\u00e9rique<\/h3>\t\t\t\t<\/div>\n\t\t\t\t<\/div>\n\t\t\t\t<\/a>\n\t\t<a class=\"elementor-element elementor-element-ceaa5d2 e-con-full e-flex e-con e-child\" data-id=\"ceaa5d2\" data-element_type=\"container\" href=\"\/fr\/service\/feuille-de-route-numerique\/\">\n\t\t\t\t<div class=\"elementor-element elementor-element-1151187 elementor-widget elementor-widget-image\" data-id=\"1151187\" data-element_type=\"widget\" data-widget_type=\"image.default\">\n\t\t\t\t<div class=\"elementor-widget-container\">\n\t\t\t\t\t\t\t\t\t\t\t\t\t\t\t<img loading=\"lazy\" decoding=\"async\" width=\"1024\" height=\"678\" src=\"https:\/\/ats-leibbrand.de\/wp-content\/uploads\/2024\/01\/lukas-blazek-mcSDtbWXUZU-unsplash-1024x678.jpg\" class=\"attachment-large size-large wp-image-5678\" alt=\"\" srcset=\"https:\/\/ats-leibbrand.de\/wp-content\/uploads\/2024\/01\/lukas-blazek-mcSDtbWXUZU-unsplash-1024x678.jpg 1024w, https:\/\/ats-leibbrand.de\/wp-content\/uploads\/2024\/01\/lukas-blazek-mcSDtbWXUZU-unsplash-300x199.jpg 300w, https:\/\/ats-leibbrand.de\/wp-content\/uploads\/2024\/01\/lukas-blazek-mcSDtbWXUZU-unsplash-768x509.jpg 768w, https:\/\/ats-leibbrand.de\/wp-content\/uploads\/2024\/01\/lukas-blazek-mcSDtbWXUZU-unsplash-1536x1018.jpg 1536w, https:\/\/ats-leibbrand.de\/wp-content\/uploads\/2024\/01\/lukas-blazek-mcSDtbWXUZU-unsplash-18x12.jpg 18w, https:\/\/ats-leibbrand.de\/wp-content\/uploads\/2024\/01\/lukas-blazek-mcSDtbWXUZU-unsplash.jpg 1920w\" sizes=\"(max-width: 1024px) 100vw, 1024px\" \/>\t\t\t\t\t\t\t\t\t\t\t\t\t\t\t<\/div>\n\t\t\t\t<\/div>\n\t\t\t\t<div class=\"elementor-element elementor-element-ca90762 elementor-widget elementor-widget-heading\" data-id=\"ca90762\" data-element_type=\"widget\" data-widget_type=\"heading.default\">\n\t\t\t\t<div class=\"elementor-widget-container\">\n\t\t\t\t\t<h3 class=\"elementor-heading-title elementor-size-default\">Gestion de la transformation num\u00e9rique<\/h3>\t\t\t\t<\/div>\n\t\t\t\t<\/div>\n\t\t\t\t<\/a>\n\t\t<a class=\"elementor-element elementor-element-473a3a4 e-con-full e-flex e-con e-child\" data-id=\"473a3a4\" data-element_type=\"container\" href=\"\/fr\/service\/systeme-d-information-de-gestion\/\">\n\t\t\t\t<div class=\"elementor-element elementor-element-8ca6b9e elementor-widget elementor-widget-image\" data-id=\"8ca6b9e\" data-element_type=\"widget\" data-widget_type=\"image.default\">\n\t\t\t\t<div class=\"elementor-widget-container\">\n\t\t\t\t\t\t\t\t\t\t\t\t\t\t\t<img loading=\"lazy\" decoding=\"async\" width=\"1024\" height=\"683\" src=\"https:\/\/ats-leibbrand.de\/wp-content\/uploads\/2024\/01\/pexels-kaboompics-com-6469-1024x683.jpg\" class=\"attachment-large size-large wp-image-5696\" alt=\"\" srcset=\"https:\/\/ats-leibbrand.de\/wp-content\/uploads\/2024\/01\/pexels-kaboompics-com-6469-1024x683.jpg 1024w, https:\/\/ats-leibbrand.de\/wp-content\/uploads\/2024\/01\/pexels-kaboompics-com-6469-300x200.jpg 300w, https:\/\/ats-leibbrand.de\/wp-content\/uploads\/2024\/01\/pexels-kaboompics-com-6469-768x512.jpg 768w, https:\/\/ats-leibbrand.de\/wp-content\/uploads\/2024\/01\/pexels-kaboompics-com-6469-1536x1024.jpg 1536w, https:\/\/ats-leibbrand.de\/wp-content\/uploads\/2024\/01\/pexels-kaboompics-com-6469-18x12.jpg 18w, https:\/\/ats-leibbrand.de\/wp-content\/uploads\/2024\/01\/pexels-kaboompics-com-6469.jpg 1920w\" sizes=\"(max-width: 1024px) 100vw, 1024px\" \/>\t\t\t\t\t\t\t\t\t\t\t\t\t\t\t<\/div>\n\t\t\t\t<\/div>\n\t\t\t\t<div class=\"elementor-element elementor-element-2556740 elementor-widget elementor-widget-heading\" data-id=\"2556740\" data-element_type=\"widget\" data-widget_type=\"heading.default\">\n\t\t\t\t<div class=\"elementor-widget-container\">\n\t\t\t\t\t<h3 class=\"elementor-heading-title elementor-size-default\">Syst\u00e8me d'Information de Gestion \u00e0 Distance du Projet \/ RMMV<\/h3>\t\t\t\t<\/div>\n\t\t\t\t<\/div>\n\t\t\t\t<\/a>\n\t\t\t\t\t<\/div>\n\t\t\t\t<\/div>\n\t\t\t\t\t<\/div>\n\t\t\t\t<\/div>\n\t\t\t\t<\/div>","protected":false},"excerpt":{"rendered":"<p>Unsere Leistungen bei A.T.S. Leibbrand sind perfekt aufeinander abgestimmt, um die digitale Transformation ganzheitlich anzugehen. Wir setzen auf innovative Technologien, insbesondere das Microsoft 365 Ecosystem, um Prozesse zu optimieren und unsere Mitarbeiterinnen und Mitarbeiter zeitlich zu entlasten. Mit Tools wie Microsoft 365 mit voller Integration von Copilot erm\u00f6glichen wir kreatives Arbeiten auf h\u00f6chstem Niveau. Gleichzeitig&hellip;<\/p>","protected":false},"author":2,"featured_media":5987,"parent":0,"menu_order":20,"comment_status":"closed","ping_status":"closed","template":"","meta":{"_monsterinsights_skip_tracking":false,"_monsterinsights_sitenote_active":false,"_monsterinsights_sitenote_note":"","_monsterinsights_sitenote_category":0,"footnotes":""},"class_list":["post-1640","page","type-page","status-publish","has-post-thumbnail","hentry"],"yoast_head":"<!-- This site is optimized with the Yoast SEO plugin v25.7 - https:\/\/yoast.com\/wordpress\/plugins\/seo\/ -->\n<title>Leistungen<\/title>\n<meta name=\"description\" content=\"Unsere Leistungen bei A.T.S. Leibbrand sind perfekt aufeinander abgestimmt, um die digitale Transformation ganzheitlich anzugehen.\" \/>\n<meta name=\"robots\" content=\"index, follow, max-snippet:-1, max-image-preview:large, max-video-preview:-1\" \/>\n<link rel=\"canonical\" href=\"https:\/\/ats-leibbrand.de\/fr\/service\/\" \/>\n<meta property=\"og:locale\" content=\"fr_FR\" \/>\n<meta property=\"og:type\" content=\"article\" \/>\n<meta property=\"og:title\" content=\"Leistungen\" \/>\n<meta property=\"og:description\" content=\"Unsere Leistungen bei A.T.S. Leibbrand sind perfekt aufeinander abgestimmt, um die digitale Transformation ganzheitlich anzugehen.\" \/>\n<meta property=\"og:url\" content=\"https:\/\/ats-leibbrand.de\/fr\/service\/\" \/>\n<meta property=\"og:site_name\" content=\"ATS Leibbrand\" \/>\n<meta property=\"article:modified_time\" content=\"2024-03-05T17:31:15+00:00\" \/>\n<meta property=\"og:image\" content=\"http:\/\/ats-leibbrand.de\/wp-content\/uploads\/2024\/02\/Digital-Transformation-1024x679.jpg\" \/>\n\t<meta property=\"og:image:width\" content=\"1024\" \/>\n\t<meta property=\"og:image:height\" content=\"679\" \/>\n\t<meta property=\"og:image:type\" content=\"image\/jpeg\" \/>\n<meta name=\"twitter:card\" content=\"summary_large_image\" \/>\n<meta name=\"twitter:label1\" content=\"Dur\u00e9e de lecture estim\u00e9e\" \/>\n\t<meta name=\"twitter:data1\" content=\"3 minutes\" \/>\n<script type=\"application\/ld+json\" class=\"yoast-schema-graph\">{\"@context\":\"https:\/\/schema.org\",\"@graph\":[{\"@type\":\"WebPage\",\"@id\":\"https:\/\/ats-leibbrand.de\/leistungen\/\",\"url\":\"https:\/\/ats-leibbrand.de\/leistungen\/\",\"name\":\"Leistungen\",\"isPartOf\":{\"@id\":\"https:\/\/ats-leibbrand.de\/#website\"},\"primaryImageOfPage\":{\"@id\":\"https:\/\/ats-leibbrand.de\/leistungen\/#primaryimage\"},\"image\":{\"@id\":\"https:\/\/ats-leibbrand.de\/leistungen\/#primaryimage\"},\"thumbnailUrl\":\"https:\/\/ats-leibbrand.de\/wp-content\/uploads\/2024\/02\/Digital-Transformation.jpg\",\"datePublished\":\"2021-09-16T18:09:06+00:00\",\"dateModified\":\"2024-03-05T17:31:15+00:00\",\"description\":\"Unsere Leistungen bei A.T.S. Leibbrand sind perfekt aufeinander abgestimmt, um die digitale Transformation ganzheitlich anzugehen.\",\"breadcrumb\":{\"@id\":\"https:\/\/ats-leibbrand.de\/leistungen\/#breadcrumb\"},\"inLanguage\":\"fr-FR\",\"potentialAction\":[{\"@type\":\"ReadAction\",\"target\":[\"https:\/\/ats-leibbrand.de\/leistungen\/\"]}]},{\"@type\":\"ImageObject\",\"inLanguage\":\"fr-FR\",\"@id\":\"https:\/\/ats-leibbrand.de\/leistungen\/#primaryimage\",\"url\":\"https:\/\/ats-leibbrand.de\/wp-content\/uploads\/2024\/02\/Digital-Transformation.jpg\",\"contentUrl\":\"https:\/\/ats-leibbrand.de\/wp-content\/uploads\/2024\/02\/Digital-Transformation.jpg\",\"width\":2126,\"height\":1409,\"caption\":\"Digital transformation or business online concepts with young person thinking and planning platform ideas.communication design.communication design\"},{\"@type\":\"BreadcrumbList\",\"@id\":\"https:\/\/ats-leibbrand.de\/leistungen\/#breadcrumb\",\"itemListElement\":[{\"@type\":\"ListItem\",\"position\":1,\"name\":\"Startseite\",\"item\":\"https:\/\/ats-leibbrand.de\/\"},{\"@type\":\"ListItem\",\"position\":2,\"name\":\"Leistungen\"}]},{\"@type\":\"WebSite\",\"@id\":\"https:\/\/ats-leibbrand.de\/#website\",\"url\":\"https:\/\/ats-leibbrand.de\/\",\"name\":\"ATS Leibbrand\",\"description\":\"\",\"publisher\":{\"@id\":\"https:\/\/ats-leibbrand.de\/#organization\"},\"potentialAction\":[{\"@type\":\"SearchAction\",\"target\":{\"@type\":\"EntryPoint\",\"urlTemplate\":\"https:\/\/ats-leibbrand.de\/?s={search_term_string}\"},\"query-input\":{\"@type\":\"PropertyValueSpecification\",\"valueRequired\":true,\"valueName\":\"search_term_string\"}}],\"inLanguage\":\"fr-FR\"},{\"@type\":\"Organization\",\"@id\":\"https:\/\/ats-leibbrand.de\/#organization\",\"name\":\"ATS Leibbrand\",\"url\":\"https:\/\/ats-leibbrand.de\/\",\"logo\":{\"@type\":\"ImageObject\",\"inLanguage\":\"fr-FR\",\"@id\":\"https:\/\/ats-leibbrand.de\/#\/schema\/logo\/image\/\",\"url\":\"https:\/\/ats-leibbrand.de\/wp-content\/uploads\/2024\/02\/cropped-ats-favicon.png\",\"contentUrl\":\"https:\/\/ats-leibbrand.de\/wp-content\/uploads\/2024\/02\/cropped-ats-favicon.png\",\"width\":512,\"height\":512,\"caption\":\"ATS Leibbrand\"},\"image\":{\"@id\":\"https:\/\/ats-leibbrand.de\/#\/schema\/logo\/image\/\"}}]}<\/script>\n<!-- \/ Yoast SEO plugin. -->","yoast_head_json":{"title":"Prestations de service","description":"Nos services chez A.T.S. Leibbrand est parfaitement coordonn\u00e9 pour aborder la transformation num\u00e9rique de mani\u00e8re globale.","robots":{"index":"index","follow":"follow","max-snippet":"max-snippet:-1","max-image-preview":"max-image-preview:large","max-video-preview":"max-video-preview:-1"},"canonical":"https:\/\/ats-leibbrand.de\/fr\/service\/","og_locale":"fr_FR","og_type":"article","og_title":"Leistungen","og_description":"Unsere Leistungen bei A.T.S. Leibbrand sind perfekt aufeinander abgestimmt, um die digitale Transformation ganzheitlich anzugehen.","og_url":"https:\/\/ats-leibbrand.de\/fr\/service\/","og_site_name":"ATS Leibbrand","article_modified_time":"2024-03-05T17:31:15+00:00","og_image":[{"width":1024,"height":679,"url":"http:\/\/ats-leibbrand.de\/wp-content\/uploads\/2024\/02\/Digital-Transformation-1024x679.jpg","type":"image\/jpeg"}],"twitter_card":"summary_large_image","twitter_misc":{"Dur\u00e9e de lecture estim\u00e9e":"3 minutes"},"schema":{"@context":"https:\/\/schema.org","@graph":[{"@type":"WebPage","@id":"https:\/\/ats-leibbrand.de\/leistungen\/","url":"https:\/\/ats-leibbrand.de\/leistungen\/","name":"Prestations de service","isPartOf":{"@id":"https:\/\/ats-leibbrand.de\/#website"},"primaryImageOfPage":{"@id":"https:\/\/ats-leibbrand.de\/leistungen\/#primaryimage"},"image":{"@id":"https:\/\/ats-leibbrand.de\/leistungen\/#primaryimage"},"thumbnailUrl":"https:\/\/ats-leibbrand.de\/wp-content\/uploads\/2024\/02\/Digital-Transformation.jpg","datePublished":"2021-09-16T18:09:06+00:00","dateModified":"2024-03-05T17:31:15+00:00","description":"Nos services chez A.T.S. Leibbrand est parfaitement coordonn\u00e9 pour aborder la transformation num\u00e9rique de mani\u00e8re globale.","breadcrumb":{"@id":"https:\/\/ats-leibbrand.de\/leistungen\/#breadcrumb"},"inLanguage":"fr-FR","potentialAction":[{"@type":"ReadAction","target":["https:\/\/ats-leibbrand.de\/leistungen\/"]}]},{"@type":"ImageObject","inLanguage":"fr-FR","@id":"https:\/\/ats-leibbrand.de\/leistungen\/#primaryimage","url":"https:\/\/ats-leibbrand.de\/wp-content\/uploads\/2024\/02\/Digital-Transformation.jpg","contentUrl":"https:\/\/ats-leibbrand.de\/wp-content\/uploads\/2024\/02\/Digital-Transformation.jpg","width":2126,"height":1409,"caption":"Digital transformation or business online concepts with young person thinking and planning platform ideas.communication design.communication design"},{"@type":"BreadcrumbList","@id":"https:\/\/ats-leibbrand.de\/leistungen\/#breadcrumb","itemListElement":[{"@type":"ListItem","position":1,"name":"Startseite","item":"https:\/\/ats-leibbrand.de\/"},{"@type":"ListItem","position":2,"name":"Leistungen"}]},{"@type":"WebSite","@id":"https:\/\/ats-leibbrand.de\/#website","url":"https:\/\/ats-leibbrand.de\/","name":"ATS Leibbrand","description":"","publisher":{"@id":"https:\/\/ats-leibbrand.de\/#organization"},"potentialAction":[{"@type":"SearchAction","target":{"@type":"EntryPoint","urlTemplate":"https:\/\/ats-leibbrand.de\/?s={search_term_string}"},"query-input":{"@type":"PropertyValueSpecification","valueRequired":true,"valueName":"search_term_string"}}],"inLanguage":"fr-FR"},{"@type":"Organization","@id":"https:\/\/ats-leibbrand.de\/#organization","name":"ATS Leibbrand","url":"https:\/\/ats-leibbrand.de\/","logo":{"@type":"ImageObject","inLanguage":"fr-FR","@id":"https:\/\/ats-leibbrand.de\/#\/schema\/logo\/image\/","url":"https:\/\/ats-leibbrand.de\/wp-content\/uploads\/2024\/02\/cropped-ats-favicon.png","contentUrl":"https:\/\/ats-leibbrand.de\/wp-content\/uploads\/2024\/02\/cropped-ats-favicon.png","width":512,"height":512,"caption":"ATS Leibbrand"},"image":{"@id":"https:\/\/ats-leibbrand.de\/#\/schema\/logo\/image\/"}}]}},"_links":{"self":[{"href":"https:\/\/ats-leibbrand.de\/fr\/wp-json\/wp\/v2\/pages\/1640","targetHints":{"allow":["GET"]}}],"collection":[{"href":"https:\/\/ats-leibbrand.de\/fr\/wp-json\/wp\/v2\/pages"}],"about":[{"href":"https:\/\/ats-leibbrand.de\/fr\/wp-json\/wp\/v2\/types\/page"}],"author":[{"embeddable":true,"href":"https:\/\/ats-leibbrand.de\/fr\/wp-json\/wp\/v2\/users\/2"}],"replies":[{"embeddable":true,"href":"https:\/\/ats-leibbrand.de\/fr\/wp-json\/wp\/v2\/comments?post=1640"}],"version-history":[{"count":0,"href":"https:\/\/ats-leibbrand.de\/fr\/wp-json\/wp\/v2\/pages\/1640\/revisions"}],"wp:featuredmedia":[{"embeddable":true,"href":"https:\/\/ats-leibbrand.de\/fr\/wp-json\/wp\/v2\/media\/5987"}],"wp:attachment":[{"href":"https:\/\/ats-leibbrand.de\/fr\/wp-json\/wp\/v2\/media?parent=1640"}],"curies":[{"name":"wp","href":"https:\/\/api.w.org\/{rel}","templated":true}]}}