{"id":1642,"date":"2021-09-16T18:09:28","date_gmt":"2021-09-16T18:09:28","guid":{"rendered":"https:\/\/the7.io\/consulting\/?page_id=1642"},"modified":"2026-04-10T15:12:08","modified_gmt":"2026-04-10T13:12:08","slug":"ueber-uns","status":"publish","type":"page","link":"https:\/\/ats-leibbrand.de\/fr\/a-propos-de-nous\/","title":{"rendered":"\u00c0 propos de nous"},"content":{"rendered":"<div data-elementor-type=\"wp-page\" data-elementor-id=\"1642\" class=\"elementor elementor-1642\" data-elementor-post-type=\"page\">\n\t\t\t\t<div class=\"elementor-element elementor-element-b22786f e-flex e-con-boxed e-con e-parent\" data-id=\"b22786f\" data-element_type=\"container\" data-e-type=\"container\">\n\t\t\t\t\t<div class=\"e-con-inner\">\n\t\t\t\t<div class=\"elementor-element elementor-element-fbb29a0 elementor-widget elementor-widget-text-editor\" data-id=\"fbb29a0\" data-element_type=\"widget\" data-e-type=\"widget\" data-widget_type=\"text-editor.default\">\n\t\t\t\t<div class=\"elementor-widget-container\">\n\t\t\t\t\t\t\t\t\t<p>Matthias Leibbrand est \u00e0 la fois consultant senior et fondateur passionn\u00e9 d'une ONG internationale. Il combine ses connaissances acquises aupr\u00e8s de soci\u00e9t\u00e9s de conseil et d'ONG et apporte \u00e0 A.T.S sa passion pour la coop\u00e9ration internationale au d\u00e9veloppement. Pour nous, la transformation num\u00e9rique n\u2019est pas seulement une avanc\u00e9e technologique, mais aussi une contribution \u00e0 la justice pour les pays du Sud, qui auront enfin pleinement acc\u00e8s \u00e0 la connaissance mondiale gr\u00e2ce \u00e0 des m\u00e9thodes modernes. Apprenez-en davantage sur les atouts d\u2019A.T.S. Faites de Leibbrand votre partenaire privil\u00e9gi\u00e9 pour la transformation digitale.<\/p>\t\t\t\t\t\t\t\t<\/div>\n\t\t\t\t<\/div>\n\t\t\t\t\t<\/div>\n\t\t\t\t<\/div>\n\t\t<div class=\"elementor-element elementor-element-a1aab36 e-flex e-con-boxed e-con e-parent\" data-id=\"a1aab36\" data-element_type=\"container\" data-e-type=\"container\">\n\t\t\t\t\t<div class=\"e-con-inner\">\n\t\t<div class=\"elementor-element elementor-element-f86a96e e-flex e-con-boxed e-con e-child\" data-id=\"f86a96e\" data-element_type=\"container\" data-e-type=\"container\">\n\t\t\t\t\t<div class=\"e-con-inner\">\n\t\t<a class=\"elementor-element elementor-element-d09b0db e-con-full e-flex e-con e-child\" data-id=\"d09b0db\" data-element_type=\"container\" data-e-type=\"container\" href=\"\/fr\/a-propos-de-nous\/performance\/\">\n\t\t\t\t<div class=\"elementor-element elementor-element-6a86e15 elementor-widget elementor-widget-image\" data-id=\"6a86e15\" data-element_type=\"widget\" data-e-type=\"widget\" data-widget_type=\"image.default\">\n\t\t\t\t<div class=\"elementor-widget-container\">\n\t\t\t\t\t\t\t\t\t\t\t\t\t\t\t<img fetchpriority=\"high\" decoding=\"async\" width=\"1024\" height=\"683\" src=\"https:\/\/ats-leibbrand.de\/wp-content\/uploads\/2024\/01\/studio-republic-fotKKqWNMQ4-unsplash-1024x683.jpg\" class=\"attachment-large size-large wp-image-5711\" alt=\"\" srcset=\"https:\/\/ats-leibbrand.de\/wp-content\/uploads\/2024\/01\/studio-republic-fotKKqWNMQ4-unsplash-1024x683.jpg 1024w, https:\/\/ats-leibbrand.de\/wp-content\/uploads\/2024\/01\/studio-republic-fotKKqWNMQ4-unsplash-300x200.jpg 300w, https:\/\/ats-leibbrand.de\/wp-content\/uploads\/2024\/01\/studio-republic-fotKKqWNMQ4-unsplash-768x512.jpg 768w, https:\/\/ats-leibbrand.de\/wp-content\/uploads\/2024\/01\/studio-republic-fotKKqWNMQ4-unsplash-1536x1024.jpg 1536w, https:\/\/ats-leibbrand.de\/wp-content\/uploads\/2024\/01\/studio-republic-fotKKqWNMQ4-unsplash-18x12.jpg 18w, https:\/\/ats-leibbrand.de\/wp-content\/uploads\/2024\/01\/studio-republic-fotKKqWNMQ4-unsplash.jpg 1920w\" sizes=\"(max-width: 1024px) 100vw, 1024px\" \/>\t\t\t\t\t\t\t\t\t\t\t\t\t\t\t<\/div>\n\t\t\t\t<\/div>\n\t\t\t\t<div class=\"elementor-element elementor-element-b19266e elementor-widget elementor-widget-heading\" data-id=\"b19266e\" data-element_type=\"widget\" data-e-type=\"widget\" data-widget_type=\"heading.default\">\n\t\t\t\t<div class=\"elementor-widget-container\">\n\t\t\t\t\t<h3 class=\"elementor-heading-title elementor-size-default\">Performance<\/h3>\t\t\t\t<\/div>\n\t\t\t\t<\/div>\n\t\t\t\t<\/a>\n\t\t<a class=\"elementor-element elementor-element-8f9e8bc e-con-full e-flex e-con e-child\" data-id=\"8f9e8bc\" data-element_type=\"container\" data-e-type=\"container\" href=\"\/fr\/a-propos-de-nous\/points-de-vente-uniques\/\">\n\t\t\t\t<div class=\"elementor-element elementor-element-1bd4a84 elementor-widget elementor-widget-image\" data-id=\"1bd4a84\" data-element_type=\"widget\" data-e-type=\"widget\" data-widget_type=\"image.default\">\n\t\t\t\t<div class=\"elementor-widget-container\">\n\t\t\t\t\t\t\t\t\t\t\t\t\t\t\t<img decoding=\"async\" width=\"1024\" height=\"684\" src=\"https:\/\/ats-leibbrand.de\/wp-content\/uploads\/2024\/01\/joshua-sortino-LqKhnDzSF-8-unsplash-1024x684.jpg\" class=\"attachment-large size-large wp-image-5673\" alt=\"\" srcset=\"https:\/\/ats-leibbrand.de\/wp-content\/uploads\/2024\/01\/joshua-sortino-LqKhnDzSF-8-unsplash-1024x684.jpg 1024w, https:\/\/ats-leibbrand.de\/wp-content\/uploads\/2024\/01\/joshua-sortino-LqKhnDzSF-8-unsplash-300x200.jpg 300w, https:\/\/ats-leibbrand.de\/wp-content\/uploads\/2024\/01\/joshua-sortino-LqKhnDzSF-8-unsplash-768x513.jpg 768w, https:\/\/ats-leibbrand.de\/wp-content\/uploads\/2024\/01\/joshua-sortino-LqKhnDzSF-8-unsplash-1536x1026.jpg 1536w, https:\/\/ats-leibbrand.de\/wp-content\/uploads\/2024\/01\/joshua-sortino-LqKhnDzSF-8-unsplash-18x12.jpg 18w, https:\/\/ats-leibbrand.de\/wp-content\/uploads\/2024\/01\/joshua-sortino-LqKhnDzSF-8-unsplash.jpg 1920w\" sizes=\"(max-width: 1024px) 100vw, 1024px\" \/>\t\t\t\t\t\t\t\t\t\t\t\t\t\t\t<\/div>\n\t\t\t\t<\/div>\n\t\t\t\t<div class=\"elementor-element elementor-element-62da25f elementor-widget elementor-widget-heading\" data-id=\"62da25f\" data-element_type=\"widget\" data-e-type=\"widget\" data-widget_type=\"heading.default\">\n\t\t\t\t<div class=\"elementor-widget-container\">\n\t\t\t\t\t<h3 class=\"elementor-heading-title elementor-size-default\">\nPoints de vente uniques\n<\/h3>\t\t\t\t<\/div>\n\t\t\t\t<\/div>\n\t\t\t\t<\/a>\n\t\t\t\t\t<\/div>\n\t\t\t\t<\/div>\n\t\t\t\t\t<\/div>\n\t\t\t\t<\/div>\n\t\t\t\t<\/div>","protected":false},"excerpt":{"rendered":"<p>Matthias Leibbrand ist sowohl Senior Consultant als auch leidenschaftlicher Gr\u00fcnder einer international agierenden NGO. Er vereint das Wissen aus dem Arbeiten in Consultingfirmen und NGOs und bringt seine Passion f\u00fcr die internationale Entwicklungszusammenarbeit in A.T.S. Leibbrand ein. F\u00fcr uns ist digitale Transformation nicht nur ein technologischer Fortschritt, sondern auch ein Beitrag zur Gerechtigkeit f\u00fcr L\u00e4nder&hellip;<\/p>","protected":false},"author":2,"featured_media":6403,"parent":0,"menu_order":15,"comment_status":"closed","ping_status":"closed","template":"","meta":{"_monsterinsights_skip_tracking":false,"_monsterinsights_sitenote_active":false,"_monsterinsights_sitenote_note":"","_monsterinsights_sitenote_category":0,"footnotes":""},"class_list":["post-1642","page","type-page","status-publish","has-post-thumbnail","hentry"],"yoast_head":"<!-- This site is optimized with the Yoast SEO plugin v27.3 - https:\/\/yoast.com\/product\/yoast-seo-wordpress\/ -->\n<title>\u00dcber Uns<\/title>\n<meta name=\"description\" content=\"Matthias Leibbrand ist sowohl Senior Consultant als auch leidenschaftlicher Gr\u00fcnder einer international agierenden NGO.\" \/>\n<meta name=\"robots\" content=\"index, follow, max-snippet:-1, max-image-preview:large, max-video-preview:-1\" \/>\n<link rel=\"canonical\" href=\"https:\/\/ats-leibbrand.de\/fr\/a-propos-de-nous\/\" \/>\n<meta property=\"og:locale\" content=\"fr_FR\" \/>\n<meta property=\"og:type\" content=\"article\" \/>\n<meta property=\"og:title\" content=\"\u00dcber Uns\" \/>\n<meta property=\"og:description\" content=\"Matthias Leibbrand ist sowohl Senior Consultant als auch leidenschaftlicher Gr\u00fcnder einer international agierenden NGO.\" \/>\n<meta property=\"og:url\" content=\"https:\/\/ats-leibbrand.de\/fr\/a-propos-de-nous\/\" \/>\n<meta property=\"og:site_name\" content=\"ATS Leibbrand\" \/>\n<meta property=\"article:modified_time\" content=\"2026-04-10T13:12:08+00:00\" \/>\n<meta property=\"og:image\" content=\"http:\/\/ats-leibbrand.de\/wp-content\/uploads\/2024\/02\/ueber-uns-img-1.png\" \/>\n\t<meta property=\"og:image:width\" content=\"1920\" \/>\n\t<meta property=\"og:image:height\" content=\"800\" \/>\n\t<meta property=\"og:image:type\" content=\"image\/png\" \/>\n<meta name=\"twitter:card\" content=\"summary_large_image\" \/>\n<meta name=\"twitter:label1\" content=\"Dur\u00e9e de lecture estim\u00e9e\" \/>\n\t<meta name=\"twitter:data1\" content=\"1 minute\" \/>\n<script type=\"application\/ld+json\" class=\"yoast-schema-graph\">{\"@context\":\"https:\\\/\\\/schema.org\",\"@graph\":[{\"@type\":\"WebPage\",\"@id\":\"https:\\\/\\\/ats-leibbrand.de\\\/ueber-uns\\\/\",\"url\":\"https:\\\/\\\/ats-leibbrand.de\\\/ueber-uns\\\/\",\"name\":\"\u00dcber Uns\",\"isPartOf\":{\"@id\":\"https:\\\/\\\/ats-leibbrand.de\\\/#website\"},\"primaryImageOfPage\":{\"@id\":\"https:\\\/\\\/ats-leibbrand.de\\\/ueber-uns\\\/#primaryimage\"},\"image\":{\"@id\":\"https:\\\/\\\/ats-leibbrand.de\\\/ueber-uns\\\/#primaryimage\"},\"thumbnailUrl\":\"https:\\\/\\\/ats-leibbrand.de\\\/wp-content\\\/uploads\\\/2024\\\/02\\\/ueber-uns-img-1.png\",\"datePublished\":\"2021-09-16T18:09:28+00:00\",\"dateModified\":\"2026-04-10T13:12:08+00:00\",\"description\":\"Matthias Leibbrand ist sowohl Senior Consultant als auch leidenschaftlicher Gr\u00fcnder einer international agierenden NGO.\",\"breadcrumb\":{\"@id\":\"https:\\\/\\\/ats-leibbrand.de\\\/ueber-uns\\\/#breadcrumb\"},\"inLanguage\":\"fr-FR\",\"potentialAction\":[{\"@type\":\"ReadAction\",\"target\":[\"https:\\\/\\\/ats-leibbrand.de\\\/ueber-uns\\\/\"]}]},{\"@type\":\"ImageObject\",\"inLanguage\":\"fr-FR\",\"@id\":\"https:\\\/\\\/ats-leibbrand.de\\\/ueber-uns\\\/#primaryimage\",\"url\":\"https:\\\/\\\/ats-leibbrand.de\\\/wp-content\\\/uploads\\\/2024\\\/02\\\/ueber-uns-img-1.png\",\"contentUrl\":\"https:\\\/\\\/ats-leibbrand.de\\\/wp-content\\\/uploads\\\/2024\\\/02\\\/ueber-uns-img-1.png\",\"width\":1920,\"height\":800},{\"@type\":\"BreadcrumbList\",\"@id\":\"https:\\\/\\\/ats-leibbrand.de\\\/ueber-uns\\\/#breadcrumb\",\"itemListElement\":[{\"@type\":\"ListItem\",\"position\":1,\"name\":\"Startseite\",\"item\":\"https:\\\/\\\/ats-leibbrand.de\\\/\"},{\"@type\":\"ListItem\",\"position\":2,\"name\":\"\u00dcber Uns\"}]},{\"@type\":\"WebSite\",\"@id\":\"https:\\\/\\\/ats-leibbrand.de\\\/#website\",\"url\":\"https:\\\/\\\/ats-leibbrand.de\\\/\",\"name\":\"ATS Leibbrand\",\"description\":\"\",\"publisher\":{\"@id\":\"https:\\\/\\\/ats-leibbrand.de\\\/#organization\"},\"potentialAction\":[{\"@type\":\"SearchAction\",\"target\":{\"@type\":\"EntryPoint\",\"urlTemplate\":\"https:\\\/\\\/ats-leibbrand.de\\\/?s={search_term_string}\"},\"query-input\":{\"@type\":\"PropertyValueSpecification\",\"valueRequired\":true,\"valueName\":\"search_term_string\"}}],\"inLanguage\":\"fr-FR\"},{\"@type\":\"Organization\",\"@id\":\"https:\\\/\\\/ats-leibbrand.de\\\/#organization\",\"name\":\"ATS Leibbrand\",\"url\":\"https:\\\/\\\/ats-leibbrand.de\\\/\",\"logo\":{\"@type\":\"ImageObject\",\"inLanguage\":\"fr-FR\",\"@id\":\"https:\\\/\\\/ats-leibbrand.de\\\/#\\\/schema\\\/logo\\\/image\\\/\",\"url\":\"https:\\\/\\\/ats-leibbrand.de\\\/wp-content\\\/uploads\\\/2024\\\/02\\\/cropped-ats-favicon.png\",\"contentUrl\":\"https:\\\/\\\/ats-leibbrand.de\\\/wp-content\\\/uploads\\\/2024\\\/02\\\/cropped-ats-favicon.png\",\"width\":512,\"height\":512,\"caption\":\"ATS Leibbrand\"},\"image\":{\"@id\":\"https:\\\/\\\/ats-leibbrand.de\\\/#\\\/schema\\\/logo\\\/image\\\/\"}}]}<\/script>\n<!-- \/ Yoast SEO plugin. -->","yoast_head_json":{"title":"\u00c0 propos de nous","description":"Matthias Leibbrand est \u00e0 la fois consultant senior et fondateur passionn\u00e9 d'une ONG internationale.","robots":{"index":"index","follow":"follow","max-snippet":"max-snippet:-1","max-image-preview":"max-image-preview:large","max-video-preview":"max-video-preview:-1"},"canonical":"https:\/\/ats-leibbrand.de\/fr\/a-propos-de-nous\/","og_locale":"fr_FR","og_type":"article","og_title":"\u00dcber Uns","og_description":"Matthias Leibbrand ist sowohl Senior Consultant als auch leidenschaftlicher Gr\u00fcnder einer international agierenden NGO.","og_url":"https:\/\/ats-leibbrand.de\/fr\/a-propos-de-nous\/","og_site_name":"ATS Leibbrand","article_modified_time":"2026-04-10T13:12:08+00:00","og_image":[{"width":1920,"height":800,"url":"http:\/\/ats-leibbrand.de\/wp-content\/uploads\/2024\/02\/ueber-uns-img-1.png","type":"image\/png"}],"twitter_card":"summary_large_image","twitter_misc":{"Dur\u00e9e de lecture estim\u00e9e":"1 minute"},"schema":{"@context":"https:\/\/schema.org","@graph":[{"@type":"WebPage","@id":"https:\/\/ats-leibbrand.de\/ueber-uns\/","url":"https:\/\/ats-leibbrand.de\/ueber-uns\/","name":"\u00c0 propos de nous","isPartOf":{"@id":"https:\/\/ats-leibbrand.de\/#website"},"primaryImageOfPage":{"@id":"https:\/\/ats-leibbrand.de\/ueber-uns\/#primaryimage"},"image":{"@id":"https:\/\/ats-leibbrand.de\/ueber-uns\/#primaryimage"},"thumbnailUrl":"https:\/\/ats-leibbrand.de\/wp-content\/uploads\/2024\/02\/ueber-uns-img-1.png","datePublished":"2021-09-16T18:09:28+00:00","dateModified":"2026-04-10T13:12:08+00:00","description":"Matthias Leibbrand est \u00e0 la fois consultant senior et fondateur passionn\u00e9 d'une ONG internationale.","breadcrumb":{"@id":"https:\/\/ats-leibbrand.de\/ueber-uns\/#breadcrumb"},"inLanguage":"fr-FR","potentialAction":[{"@type":"ReadAction","target":["https:\/\/ats-leibbrand.de\/ueber-uns\/"]}]},{"@type":"ImageObject","inLanguage":"fr-FR","@id":"https:\/\/ats-leibbrand.de\/ueber-uns\/#primaryimage","url":"https:\/\/ats-leibbrand.de\/wp-content\/uploads\/2024\/02\/ueber-uns-img-1.png","contentUrl":"https:\/\/ats-leibbrand.de\/wp-content\/uploads\/2024\/02\/ueber-uns-img-1.png","width":1920,"height":800},{"@type":"BreadcrumbList","@id":"https:\/\/ats-leibbrand.de\/ueber-uns\/#breadcrumb","itemListElement":[{"@type":"ListItem","position":1,"name":"Startseite","item":"https:\/\/ats-leibbrand.de\/"},{"@type":"ListItem","position":2,"name":"\u00dcber Uns"}]},{"@type":"WebSite","@id":"https:\/\/ats-leibbrand.de\/#website","url":"https:\/\/ats-leibbrand.de\/","name":"ATS Leibbrand","description":"","publisher":{"@id":"https:\/\/ats-leibbrand.de\/#organization"},"potentialAction":[{"@type":"SearchAction","target":{"@type":"EntryPoint","urlTemplate":"https:\/\/ats-leibbrand.de\/?s={search_term_string}"},"query-input":{"@type":"PropertyValueSpecification","valueRequired":true,"valueName":"search_term_string"}}],"inLanguage":"fr-FR"},{"@type":"Organization","@id":"https:\/\/ats-leibbrand.de\/#organization","name":"ATS Leibbrand","url":"https:\/\/ats-leibbrand.de\/","logo":{"@type":"ImageObject","inLanguage":"fr-FR","@id":"https:\/\/ats-leibbrand.de\/#\/schema\/logo\/image\/","url":"https:\/\/ats-leibbrand.de\/wp-content\/uploads\/2024\/02\/cropped-ats-favicon.png","contentUrl":"https:\/\/ats-leibbrand.de\/wp-content\/uploads\/2024\/02\/cropped-ats-favicon.png","width":512,"height":512,"caption":"ATS Leibbrand"},"image":{"@id":"https:\/\/ats-leibbrand.de\/#\/schema\/logo\/image\/"}}]}},"_links":{"self":[{"href":"https:\/\/ats-leibbrand.de\/fr\/wp-json\/wp\/v2\/pages\/1642","targetHints":{"allow":["GET"]}}],"collection":[{"href":"https:\/\/ats-leibbrand.de\/fr\/wp-json\/wp\/v2\/pages"}],"about":[{"href":"https:\/\/ats-leibbrand.de\/fr\/wp-json\/wp\/v2\/types\/page"}],"author":[{"embeddable":true,"href":"https:\/\/ats-leibbrand.de\/fr\/wp-json\/wp\/v2\/users\/2"}],"replies":[{"embeddable":true,"href":"https:\/\/ats-leibbrand.de\/fr\/wp-json\/wp\/v2\/comments?post=1642"}],"version-history":[{"count":10,"href":"https:\/\/ats-leibbrand.de\/fr\/wp-json\/wp\/v2\/pages\/1642\/revisions"}],"predecessor-version":[{"id":6536,"href":"https:\/\/ats-leibbrand.de\/fr\/wp-json\/wp\/v2\/pages\/1642\/revisions\/6536"}],"wp:featuredmedia":[{"embeddable":true,"href":"https:\/\/ats-leibbrand.de\/fr\/wp-json\/wp\/v2\/media\/6403"}],"wp:attachment":[{"href":"https:\/\/ats-leibbrand.de\/fr\/wp-json\/wp\/v2\/media?parent=1642"}],"curies":[{"name":"wp","href":"https:\/\/api.w.org\/{rel}","templated":true}]}}