{"id":6041,"date":"2024-02-01T16:02:47","date_gmt":"2024-02-01T15:02:47","guid":{"rendered":"https:\/\/ats-leibbrand.de\/?page_id=6041"},"modified":"2024-03-05T18:20:56","modified_gmt":"2024-03-05T17:20:56","slug":"junior-data-analyst","status":"publish","type":"page","link":"https:\/\/ats-leibbrand.de\/fr\/junior-analyste-de-donnees\/","title":{"rendered":"(Junior) Analyste de donn\u00e9es"},"content":{"rendered":"<div data-elementor-type=\"wp-page\" data-elementor-id=\"6041\" class=\"elementor elementor-6041\" data-elementor-post-type=\"page\">\n\t\t\t\t<div class=\"elementor-element elementor-element-8e3d162 e-flex e-con-boxed e-con e-parent\" data-id=\"8e3d162\" data-element_type=\"container\">\n\t\t\t\t\t<div class=\"e-con-inner\">\n\t\t<div class=\"elementor-element elementor-element-51d3094 e-con-full e-flex e-con e-child\" data-id=\"51d3094\" data-element_type=\"container\">\n\t\t\t\t<div class=\"elementor-element elementor-element-2646801 elementor-widget elementor-widget-heading\" data-id=\"2646801\" data-element_type=\"widget\" data-widget_type=\"heading.default\">\n\t\t\t\t<div class=\"elementor-widget-container\">\n\t\t\t\t\t<h2 class=\"elementor-heading-title elementor-size-default\">(Junior) Analyste de donn\u00e9es<\/h2>\t\t\t\t<\/div>\n\t\t\t\t<\/div>\n\t\t\t\t<div class=\"elementor-element elementor-element-c7e4ed4 elementor-icon-list--layout-inline elementor-list-item-link-full_width elementor-widget elementor-widget-icon-list\" data-id=\"c7e4ed4\" data-element_type=\"widget\" data-widget_type=\"icon-list.default\">\n\t\t\t\t<div class=\"elementor-widget-container\">\n\t\t\t\t\t\t\t<ul class=\"elementor-icon-list-items elementor-inline-items\">\n\t\t\t\t\t\t\t<li class=\"elementor-icon-list-item elementor-inline-item\">\n\t\t\t\t\t\t\t\t\t\t\t<span class=\"elementor-icon-list-icon\">\n\t\t\t\t\t\t\t<svg aria-hidden=\"true\" class=\"e-font-icon-svg e-fas-map-marker-alt\" viewbox=\"0 0 384 512\" xmlns=\"http:\/\/www.w3.org\/2000\/svg\"><path d=\"M172.268 501.67C26.97 291.031 0 269.413 0 192 0 85.961 85.961 0 192 0s192 85.961 192 192c0 77.413-26.97 99.031-172.268 309.67-9.535 13.774-29.93 13.773-39.464 0zM192 272c44.183 0 80-35.817 80-80s-35.817-80-80-80-80 35.817-80 80 35.817 80 80 80z\"><\/path><\/svg>\t\t\t\t\t\t<\/span>\n\t\t\t\t\t\t\t\t\t\t<span class=\"elementor-icon-list-text\">T\u00e9l\u00e9commande<\/span>\n\t\t\t\t\t\t\t\t\t<\/li>\n\t\t\t\t\t\t\t\t<li class=\"elementor-icon-list-item elementor-inline-item\">\n\t\t\t\t\t\t\t\t\t\t\t<span class=\"elementor-icon-list-icon\">\n\t\t\t\t\t\t\t<svg aria-hidden=\"true\" class=\"e-font-icon-svg e-fas-suitcase-rolling\" viewbox=\"0 0 384 512\" xmlns=\"http:\/\/www.w3.org\/2000\/svg\"><path d=\"M336 160H48c-26.51 0-48 21.49-48 48v224c0 26.51 21.49 48 48 48h16v16c0 8.84 7.16 16 16 16h32c8.84 0 16-7.16 16-16v-16h128v16c0 8.84 7.16 16 16 16h32c8.84 0 16-7.16 16-16v-16h16c26.51 0 48-21.49 48-48V208c0-26.51-21.49-48-48-48zm-16 216c0 4.42-3.58 8-8 8H72c-4.42 0-8-3.58-8-8v-16c0-4.42 3.58-8 8-8h240c4.42 0 8 3.58 8 8v16zm0-96c0 4.42-3.58 8-8 8H72c-4.42 0-8-3.58-8-8v-16c0-4.42 3.58-8 8-8h240c4.42 0 8 3.58 8 8v16zM144 48h96v80h48V48c0-26.51-21.49-48-48-48h-96c-26.51 0-48 21.49-48 48v80h48V48z\"><\/path><\/svg>\t\t\t\t\t\t<\/span>\n\t\t\t\t\t\t\t\t\t\t<span class=\"elementor-icon-list-text\">Freelance<\/span>\n\t\t\t\t\t\t\t\t\t<\/li>\n\t\t\t\t\t\t\t\t<li class=\"elementor-icon-list-item elementor-inline-item\">\n\t\t\t\t\t\t\t\t\t\t\t<span class=\"elementor-icon-list-icon\">\n\t\t\t\t\t\t\t<svg aria-hidden=\"true\" class=\"e-font-icon-svg e-far-folder-open\" viewbox=\"0 0 576 512\" xmlns=\"http:\/\/www.w3.org\/2000\/svg\"><path d=\"M527.9 224H480v-48c0-26.5-21.5-48-48-48H272l-64-64H48C21.5 64 0 85.5 0 112v288c0 26.5 21.5 48 48 48h400c16.5 0 31.9-8.5 40.7-22.6l79.9-128c20-31.9-3-73.4-40.7-73.4zM48 118c0-3.3 2.7-6 6-6h134.1l64 64H426c3.3 0 6 2.7 6 6v42H152c-16.8 0-32.4 8.8-41.1 23.2L48 351.4zm400 282H72l77.2-128H528z\"><\/path><\/svg>\t\t\t\t\t\t<\/span>\n\t\t\t\t\t\t\t\t\t\t<span class=\"elementor-icon-list-text\">Conseil en gestion<\/span>\n\t\t\t\t\t\t\t\t\t<\/li>\n\t\t\t\t\t\t<\/ul>\n\t\t\t\t\t\t<\/div>\n\t\t\t\t<\/div>\n\t\t\t\t<div class=\"elementor-element elementor-element-c759a47 elementor-widget elementor-widget-text-editor\" data-id=\"c759a47\" data-element_type=\"widget\" data-widget_type=\"text-editor.default\">\n\t\t\t\t<div class=\"elementor-widget-container\">\n\t\t\t\t\t\t\t\t\t<div class=\"sc-hLseeU eFIfeu\"><p><strong>Vos t\u00e2ches<\/strong><\/p><ol><li><p class=\"translation-block\"><strong>Data Collection:<\/strong> Gather, clean, and preprocess data from various sources, using Python, SQL, or other relevant languages, to ensure data quality and accuracy.<\/p><\/li><li><p class=\"translation-block\"><strong>Data Analysis:<\/strong> Conduct exploratory data analysis (EDA) to identify patterns, trends, and insights within datasets, employing strong mathematical and statistical knowledge.<\/p><\/li><li><p class=\"translation-block\"><strong>Visualisation des donn\u00e9es<\/strong>\u00a0: cr\u00e9ez des visualisations de donn\u00e9es claires et informatives \u00e0 l'aide d'outils tels que Power BI, y compris la ma\u00eetrise des rapports et des tableaux de bord.<\/p><\/li><li><p class=\"translation-block\"><strong>Mod\u00e9lisation des donn\u00e9es\u00a0:<\/strong> cr\u00e9ez et maintenez des mod\u00e8les de donn\u00e9es, en particulier l'architecture Star, et appliquez-les \u00e0 l'analyse des donn\u00e9es.<\/p><\/li><li><p class=\"translation-block\"><strong>ETL et ELT<\/strong>\u00a0: d\u00e9veloppez des pipelines ETL et ELT pour le traitement, la transformation et le chargement des donn\u00e9es.<\/p><\/li><li><p class=\"translation-block\"><strong>Big Data<\/strong>\u00a0: travailler avec des ensembles de donn\u00e9es volumineuses, d\u00e9montrant une exp\u00e9rience dans la gestion et l'analyse de grands volumes de donn\u00e9es.<\/p><\/li><li><p class=\"translation-block\"><strong>Int\u00e9gration API\u00a0:<\/strong> r\u00e9cup\u00e9rez et stockez des donn\u00e9es via les API REST et acc\u00e9dez \u00e0 diff\u00e9rents types de bases de donn\u00e9es, relationnelles et non relationnelles.<\/p><\/li><li><p class=\"translation-block\"><strong>Analyses avanc\u00e9es<\/strong>\u00a0: utilisez des outils d'analyse avanc\u00e9s, notamment M-Language (Power Query) et DAX, pour une analyse approfondie des donn\u00e9es.<\/p><\/li><li><p class=\"translation-block\"><strong>Automatisation des processus<\/strong>\u00a0: appliquez une compr\u00e9hension approfondie de l'automatisation des processus pour rationaliser les flux de travail li\u00e9s aux donn\u00e9es.<\/p><\/li><li><p class=\"translation-block\"><strong>Principes Agile\u00a0:<\/strong> Travailler en conformit\u00e9 avec les principes Scrum et Agile, en contribuant aux m\u00e9thodologies de d\u00e9veloppement agiles.<\/p><\/li><li><p class=\"translation-block\"><strong>D\u00e9veloppement de logiciels<\/strong>\u00a0: une exp\u00e9rience dans le cycle de vie du d\u00e9veloppement de logiciels est un plus, d\u00e9montrant la capacit\u00e9 \u00e0 collaborer sur des projets logiciels.<\/p><\/li><\/ol><h3>Comp\u00e9tences et qualifications requises pour les analystes de donn\u00e9es juniors\u00a0:<\/h3><ul><li><p class=\"translation-block\"><strong>Langages de programmation\u00a0:<\/strong> Ma\u00eetrise d'un ou plusieurs des langages suivants\u00a0: Python, SQL, JavaScript, CSS, HTML, avec la capacit\u00e9 d'\u00e9crire du code pour l'analyse et la manipulation de donn\u00e9es.<\/p><\/li><li><p class=\"translation-block\"><strong>Entreposage de donn\u00e9es\u00a0:<\/strong> Familiarit\u00e9 avec la mod\u00e9lisation des donn\u00e9es, en particulier l'architecture Star, pour un stockage et une r\u00e9cup\u00e9ration efficaces des donn\u00e9es.<\/p><\/li><li><p class=\"translation-block\"><strong>Power BI\u00a0:<\/strong> Ma\u00eetrise de Power BI pour la cr\u00e9ation de rapports et de tableaux de bord, y compris une exp\u00e9rience avec l'environnement de service Power BI Cloud.<\/p><\/li><li><p class=\"translation-block\"><strong>Automatisation des processus\u00a0:<\/strong> Compr\u00e9hension approfondie de l'automatisation des processus pour am\u00e9liorer les flux de travail li\u00e9s aux donn\u00e9es.<\/p><\/li><li><p class=\"translation-block\"><strong>Big Data\u00a0:<\/strong> Exp\u00e9rience dans la gestion et l'analyse efficaces d'ensembles de Big Data.<\/p><\/li><li><p class=\"translation-block\"><strong>Int\u00e9gration d'API\u00a0:<\/strong> Exp\u00e9rience avec les API REST pour r\u00e9cup\u00e9rer et stocker des donn\u00e9es, y compris l'acc\u00e8s \u00e0 divers types de bases de donn\u00e9es.<\/p><\/li><li><p class=\"translation-block\"><strong>Analyses avanc\u00e9es<\/strong>\u00a0: connaissance avanc\u00e9e du langage M (Power Query) et de DAX pour une analyse approfondie des donn\u00e9es.<\/p><\/li><li><p class=\"translation-block\"><strong>M\u00e9thodologies Agile\u00a0:<\/strong> Forte compr\u00e9hension des principes Scrum et Agile, contribuant aux m\u00e9thodologies de d\u00e9veloppement agiles.<\/p><\/li><li><p class=\"translation-block\"><strong>Cycle de vie du d\u00e9veloppement logiciel<\/strong>\u00a0: une exp\u00e9rience du cycle de vie du d\u00e9veloppement logiciel est un plus, d\u00e9montrant la capacit\u00e9 \u00e0 collaborer sur des projets logiciels.<\/p><\/li><li><p class=\"translation-block\"><strong>Environnement Microsoft\u00a0:<\/strong> Ma\u00eetrise des outils et plateformes Microsoft, notamment SharePoint, Teams, PowerApps, Power Automate et Azure.<\/p><\/li><li><p class=\"translation-block\"><strong>Collaboration en \u00e9quipe\u00a0:<\/strong> Exp\u00e9rience de travail efficace en \u00e9quipe et de contribution \u00e0 des projets de donn\u00e9es collaboratifs.<\/p><\/li><li><p class=\"translation-block\"><strong>Cr\u00e9ativit\u00e9\u00a0:<\/strong> Capacit\u00e9 \u00e0 raconter des histoires avec des donn\u00e9es et une attitude positive pour trouver des solutions innovantes.<\/p><\/li><li><p class=\"translation-block\"><strong>Certifications<\/strong>\u00a0: possession d'une ou plusieurs certifications Agile (par exemple, Scrum Developer CSD, Scrum Master CSM) et\/ou certifications li\u00e9es aux donn\u00e9es (par exemple, MS SharePoint, MS Dynamics 365 Developer Associate, MS Power BI Data Analyste associ\u00e9, certifi\u00e9 Microsoft 365, certification Data Analyst) est un plus.<\/p><\/li><\/ul><\/div>\t\t\t\t\t\t\t\t<\/div>\n\t\t\t\t<\/div>\n\t\t\t\t<\/div>\n\t\t<div class=\"elementor-element elementor-element-d4f6cf7 e-con-full e-flex e-con e-child\" data-id=\"d4f6cf7\" data-element_type=\"container\">\n\t\t\t\t<div class=\"elementor-element elementor-element-5685a53 elementor-button-align-start elementor-widget elementor-widget-form\" data-id=\"5685a53\" data-element_type=\"widget\" data-settings=\"{&quot;step_next_label&quot;:&quot;N\\u00e4chstes&quot;,&quot;step_previous_label&quot;:&quot;Vorher&quot;,&quot;button_width&quot;:&quot;100&quot;,&quot;step_type&quot;:&quot;number_text&quot;,&quot;step_icon_shape&quot;:&quot;circle&quot;}\" data-widget_type=\"form.default\">\n\t\t\t\t<div class=\"elementor-widget-container\">\n\t\t\t\t\t\t\t<form class=\"elementor-form\" method=\"post\" name=\"New Form\" aria-label=\"New Form\" action=\"\">\n\t\t\t<input type=\"hidden\" name=\"post_id\" value=\"6041\"\/>\n\t\t\t<input type=\"hidden\" name=\"form_id\" value=\"5685a53\"\/>\n\t\t\t<input type=\"hidden\" name=\"referer_title\" value=\"(Junior) Data Analyst\" \/>\n\n\t\t\t\t\t\t\t<input type=\"hidden\" name=\"queried_id\" value=\"6041\"\/>\n\t\t\t\n\t\t\t<div class=\"elementor-form-fields-wrapper elementor-labels-above\">\n\t\t\t\t\t\t\t\t<div class=\"elementor-field-type-text elementor-field-group elementor-column elementor-field-group-name elementor-col-50 elementor-field-required elementor-mark-required\">\n\t\t\t\t\t\t\t\t\t\t\t\t<label for=\"form-field-name\" class=\"elementor-field-label\">\n\t\t\t\t\t\t\t\tNom\t\t\t\t\t\t\t<\/label>\n\t\t\t\t\t\t\t\t\t\t\t\t\t\t<input size=\"1\" type=\"text\" name=\"form_fields[name]\" id=\"form-field-name\" class=\"elementor-field elementor-size-md  elementor-field-textual\" required=\"required\">\n\t\t\t\t\t\t\t\t\t\t\t<\/div>\n\t\t\t\t\t\t\t\t<div class=\"elementor-field-type-email elementor-field-group elementor-column elementor-field-group-email elementor-col-50 elementor-field-required elementor-mark-required\">\n\t\t\t\t\t\t\t\t\t\t\t\t<label for=\"form-field-email\" class=\"elementor-field-label\">\n\t\t\t\t\t\t\t\tE-mail\t\t\t\t\t\t\t<\/label>\n\t\t\t\t\t\t\t\t\t\t\t\t\t\t<input size=\"1\" type=\"email\" name=\"form_fields[email]\" id=\"form-field-email\" class=\"elementor-field elementor-size-md  elementor-field-textual\" required=\"required\">\n\t\t\t\t\t\t\t\t\t\t\t<\/div>\n\t\t\t\t\t\t\t\t<div class=\"elementor-field-type-tel elementor-field-group elementor-column elementor-field-group-field_283131d elementor-col-100 elementor-field-required elementor-mark-required\">\n\t\t\t\t\t\t\t\t\t\t\t\t<label for=\"form-field-field_283131d\" class=\"elementor-field-label\">\n\t\t\t\t\t\t\t\tNum\u00e9ro de t\u00e9l\u00e9phone\t\t\t\t\t\t\t<\/label>\n\t\t\t\t\t\t\t\t<input size=\"1\" type=\"tel\" name=\"form_fields[field_283131d]\" id=\"form-field-field_283131d\" class=\"elementor-field elementor-size-md  elementor-field-textual\" required=\"required\" pattern=\"[0-9()#&amp;+*-=.]+\" title=\"Only numbers and phone characters (#, -, *, etc) are accepted.\">\n\n\t\t\t\t\t\t<\/div>\n\t\t\t\t\t\t\t\t<div class=\"elementor-field-type-upload elementor-field-group elementor-column elementor-field-group-field_2511465 elementor-col-100\">\n\t\t\t\t\t\t\t\t\t\t\t\t<label for=\"form-field-field_2511465\" class=\"elementor-field-label\">\n\t\t\t\t\t\t\t\tDocuments\u00a0: .doc, .docx, .pdf, .rtf, .txt\t\t\t\t\t\t\t<\/label>\n\t\t\t\t\t\t\t\t<input type=\"file\" name=\"form_fields[field_2511465][]\" id=\"form-field-field_2511465\" class=\"elementor-field elementor-size-md  elementor-upload-field\" multiple=\"multiple\" data-maxsize=\"4\" data-maxsize-message=\"This file exceeds the maximum allowed size.\">\n\n\t\t\t\t\t\t<\/div>\n\t\t\t\t\t\t\t\t<div class=\"elementor-field-type-textarea elementor-field-group elementor-column elementor-field-group-message elementor-col-100 elementor-field-required elementor-mark-required\">\n\t\t\t\t\t\t\t\t\t\t\t\t<label for=\"form-field-message\" class=\"elementor-field-label\">\n\t\t\t\t\t\t\t\tNouvelles \t\t\t\t\t\t\t<\/label>\n\t\t\t\t\t\t<textarea class=\"elementor-field-textual elementor-field  elementor-size-md\" name=\"form_fields[message]\" id=\"form-field-message\" rows=\"6\" required=\"required\"><\/textarea>\t\t\t\t<\/div>\n\t\t\t\t\t\t\t\t<div class=\"elementor-field-type-acceptance elementor-field-group elementor-column elementor-field-group-field_f91be55 elementor-col-100 elementor-field-required elementor-mark-required\">\n\t\t\t\t\t\t\t<div class=\"elementor-field-subgroup\">\n\t\t\t<span class=\"elementor-field-option\">\n\t\t\t\t<input type=\"checkbox\" name=\"form_fields[field_f91be55]\" id=\"form-field-field_f91be55\" class=\"elementor-field elementor-size-md  elementor-acceptance-field\" required=\"required\">\n\t\t\t\t<label for=\"form-field-field_f91be55\">J'accepte la politique de confidentialit\u00e9.<\/label>\t\t\t<\/span>\n\t\t<\/div>\n\t\t\t\t\t\t<\/div>\n\t\t\t\t\t\t\t\t<div class=\"elementor-field-group elementor-column elementor-field-type-submit elementor-col-100 e-form__buttons\">\n\t\t\t\t\t<button class=\"elementor-button elementor-size-md\" type=\"submit\">\n\t\t\t\t\t\t<span class=\"elementor-button-content-wrapper\">\n\t\t\t\t\t\t\t\t\t\t\t\t\t\t\t\t\t\t\t\t\t\t<span class=\"elementor-button-text\">Envoyer des messages<\/span>\n\t\t\t\t\t\t\t\t\t\t\t\t\t<\/span>\n\t\t\t\t\t<\/button>\n\t\t\t\t<\/div>\n\t\t\t<\/div>\n\t\t<input type=\"hidden\" name=\"trp-form-language\" value=\"fr\"\/><\/form>\n\t\t\t\t\t\t<\/div>\n\t\t\t\t<\/div>\n\t\t\t\t<\/div>\n\t\t\t\t\t<\/div>\n\t\t\t\t<\/div>\n\t\t\t\t<\/div>","protected":false},"excerpt":{"rendered":"<p>(Junior) Data Analyst Remote Freelancer Management Consulting Your Tasks Data Collection: Gather, clean, and preprocess data from various sources, using Python, SQL, or other relevant languages, to ensure data quality and accuracy. Data Analysis: Conduct exploratory data analysis (EDA) to identify patterns, trends, and insights within datasets, employing strong mathematical and statistical knowledge. Data Visualization:&hellip;<\/p>","protected":false},"author":2,"featured_media":5683,"parent":0,"menu_order":0,"comment_status":"closed","ping_status":"closed","template":"","meta":{"_monsterinsights_skip_tracking":false,"_monsterinsights_sitenote_active":false,"_monsterinsights_sitenote_note":"","_monsterinsights_sitenote_category":0,"footnotes":""},"class_list":["post-6041","page","type-page","status-publish","has-post-thumbnail","hentry"],"yoast_head":"<!-- This site is optimized with the Yoast SEO plugin v25.7 - https:\/\/yoast.com\/wordpress\/plugins\/seo\/ -->\n<title>(Junior) Data Analyst<\/title>\n<meta name=\"description\" content=\"Data Collection: Gather, clean, and preprocess data from various sources, using Python, SQL, or other relevant languages, to ensure data quality and accuracy.\" \/>\n<meta name=\"robots\" content=\"index, follow, max-snippet:-1, max-image-preview:large, max-video-preview:-1\" \/>\n<link rel=\"canonical\" href=\"https:\/\/ats-leibbrand.de\/fr\/junior-analyste-de-donnees\/\" \/>\n<meta property=\"og:locale\" content=\"fr_FR\" \/>\n<meta property=\"og:type\" content=\"article\" \/>\n<meta property=\"og:title\" content=\"(Junior) Data Analyst\" \/>\n<meta property=\"og:description\" content=\"Data Collection: Gather, clean, and preprocess data from various sources, using Python, SQL, or other relevant languages, to ensure data quality and accuracy.\" \/>\n<meta property=\"og:url\" content=\"https:\/\/ats-leibbrand.de\/fr\/junior-analyste-de-donnees\/\" \/>\n<meta property=\"og:site_name\" content=\"ATS Leibbrand\" \/>\n<meta property=\"article:modified_time\" content=\"2024-03-05T17:20:56+00:00\" \/>\n<meta property=\"og:image\" content=\"http:\/\/ats-leibbrand.de\/wp-content\/uploads\/2024\/01\/marvin-meyer-SYTO3xs06fU-unsplash.jpg\" \/>\n\t<meta property=\"og:image:width\" content=\"1920\" \/>\n\t<meta property=\"og:image:height\" content=\"1280\" \/>\n\t<meta property=\"og:image:type\" content=\"image\/jpeg\" \/>\n<meta name=\"twitter:card\" content=\"summary_large_image\" \/>\n<meta name=\"twitter:label1\" content=\"Dur\u00e9e de lecture estim\u00e9e\" \/>\n\t<meta name=\"twitter:data1\" content=\"3 minutes\" \/>\n<script type=\"application\/ld+json\" class=\"yoast-schema-graph\">{\"@context\":\"https:\/\/schema.org\",\"@graph\":[{\"@type\":\"WebPage\",\"@id\":\"https:\/\/ats-leibbrand.de\/junior-data-analyst\/\",\"url\":\"https:\/\/ats-leibbrand.de\/junior-data-analyst\/\",\"name\":\"(Junior) Data Analyst\",\"isPartOf\":{\"@id\":\"https:\/\/ats-leibbrand.de\/#website\"},\"primaryImageOfPage\":{\"@id\":\"https:\/\/ats-leibbrand.de\/junior-data-analyst\/#primaryimage\"},\"image\":{\"@id\":\"https:\/\/ats-leibbrand.de\/junior-data-analyst\/#primaryimage\"},\"thumbnailUrl\":\"https:\/\/ats-leibbrand.de\/wp-content\/uploads\/2024\/01\/marvin-meyer-SYTO3xs06fU-unsplash.jpg\",\"datePublished\":\"2024-02-01T15:02:47+00:00\",\"dateModified\":\"2024-03-05T17:20:56+00:00\",\"description\":\"Data Collection: Gather, clean, and preprocess data from various sources, using Python, SQL, or other relevant languages, to ensure data quality and accuracy.\",\"breadcrumb\":{\"@id\":\"https:\/\/ats-leibbrand.de\/junior-data-analyst\/#breadcrumb\"},\"inLanguage\":\"fr-FR\",\"potentialAction\":[{\"@type\":\"ReadAction\",\"target\":[\"https:\/\/ats-leibbrand.de\/junior-data-analyst\/\"]}]},{\"@type\":\"ImageObject\",\"inLanguage\":\"fr-FR\",\"@id\":\"https:\/\/ats-leibbrand.de\/junior-data-analyst\/#primaryimage\",\"url\":\"https:\/\/ats-leibbrand.de\/wp-content\/uploads\/2024\/01\/marvin-meyer-SYTO3xs06fU-unsplash.jpg\",\"contentUrl\":\"https:\/\/ats-leibbrand.de\/wp-content\/uploads\/2024\/01\/marvin-meyer-SYTO3xs06fU-unsplash.jpg\",\"width\":1920,\"height\":1280},{\"@type\":\"BreadcrumbList\",\"@id\":\"https:\/\/ats-leibbrand.de\/junior-data-analyst\/#breadcrumb\",\"itemListElement\":[{\"@type\":\"ListItem\",\"position\":1,\"name\":\"Startseite\",\"item\":\"https:\/\/ats-leibbrand.de\/\"},{\"@type\":\"ListItem\",\"position\":2,\"name\":\"(Junior) Data Analyst\"}]},{\"@type\":\"WebSite\",\"@id\":\"https:\/\/ats-leibbrand.de\/#website\",\"url\":\"https:\/\/ats-leibbrand.de\/\",\"name\":\"ATS Leibbrand\",\"description\":\"\",\"publisher\":{\"@id\":\"https:\/\/ats-leibbrand.de\/#organization\"},\"potentialAction\":[{\"@type\":\"SearchAction\",\"target\":{\"@type\":\"EntryPoint\",\"urlTemplate\":\"https:\/\/ats-leibbrand.de\/?s={search_term_string}\"},\"query-input\":{\"@type\":\"PropertyValueSpecification\",\"valueRequired\":true,\"valueName\":\"search_term_string\"}}],\"inLanguage\":\"fr-FR\"},{\"@type\":\"Organization\",\"@id\":\"https:\/\/ats-leibbrand.de\/#organization\",\"name\":\"ATS Leibbrand\",\"url\":\"https:\/\/ats-leibbrand.de\/\",\"logo\":{\"@type\":\"ImageObject\",\"inLanguage\":\"fr-FR\",\"@id\":\"https:\/\/ats-leibbrand.de\/#\/schema\/logo\/image\/\",\"url\":\"https:\/\/ats-leibbrand.de\/wp-content\/uploads\/2024\/02\/cropped-ats-favicon.png\",\"contentUrl\":\"https:\/\/ats-leibbrand.de\/wp-content\/uploads\/2024\/02\/cropped-ats-favicon.png\",\"width\":512,\"height\":512,\"caption\":\"ATS Leibbrand\"},\"image\":{\"@id\":\"https:\/\/ats-leibbrand.de\/#\/schema\/logo\/image\/\"}}]}<\/script>\n<!-- \/ Yoast SEO plugin. -->","yoast_head_json":{"title":"(Junior) Analyste de donn\u00e9es","description":"Rassemblez, nettoyez et pr\u00e9traitez les donn\u00e9es provenant de diverses sources, \u00e0 l'aide de Python, SQL ou d'autres langages pertinents, pour garantir la qualit\u00e9 et l'exactitude des donn\u00e9es.","robots":{"index":"index","follow":"follow","max-snippet":"max-snippet:-1","max-image-preview":"max-image-preview:large","max-video-preview":"max-video-preview:-1"},"canonical":"https:\/\/ats-leibbrand.de\/fr\/junior-analyste-de-donnees\/","og_locale":"fr_FR","og_type":"article","og_title":"(Junior) Data Analyst","og_description":"Data Collection: Gather, clean, and preprocess data from various sources, using Python, SQL, or other relevant languages, to ensure data quality and accuracy.","og_url":"https:\/\/ats-leibbrand.de\/fr\/junior-analyste-de-donnees\/","og_site_name":"ATS Leibbrand","article_modified_time":"2024-03-05T17:20:56+00:00","og_image":[{"width":1920,"height":1280,"url":"http:\/\/ats-leibbrand.de\/wp-content\/uploads\/2024\/01\/marvin-meyer-SYTO3xs06fU-unsplash.jpg","type":"image\/jpeg"}],"twitter_card":"summary_large_image","twitter_misc":{"Dur\u00e9e de lecture estim\u00e9e":"3 minutes"},"schema":{"@context":"https:\/\/schema.org","@graph":[{"@type":"WebPage","@id":"https:\/\/ats-leibbrand.de\/junior-data-analyst\/","url":"https:\/\/ats-leibbrand.de\/junior-data-analyst\/","name":"(Junior) Analyste de donn\u00e9es","isPartOf":{"@id":"https:\/\/ats-leibbrand.de\/#website"},"primaryImageOfPage":{"@id":"https:\/\/ats-leibbrand.de\/junior-data-analyst\/#primaryimage"},"image":{"@id":"https:\/\/ats-leibbrand.de\/junior-data-analyst\/#primaryimage"},"thumbnailUrl":"https:\/\/ats-leibbrand.de\/wp-content\/uploads\/2024\/01\/marvin-meyer-SYTO3xs06fU-unsplash.jpg","datePublished":"2024-02-01T15:02:47+00:00","dateModified":"2024-03-05T17:20:56+00:00","description":"Rassemblez, nettoyez et pr\u00e9traitez les donn\u00e9es provenant de diverses sources, \u00e0 l'aide de Python, SQL ou d'autres langages pertinents, pour garantir la qualit\u00e9 et l'exactitude des donn\u00e9es.","breadcrumb":{"@id":"https:\/\/ats-leibbrand.de\/junior-data-analyst\/#breadcrumb"},"inLanguage":"fr-FR","potentialAction":[{"@type":"ReadAction","target":["https:\/\/ats-leibbrand.de\/junior-data-analyst\/"]}]},{"@type":"ImageObject","inLanguage":"fr-FR","@id":"https:\/\/ats-leibbrand.de\/junior-data-analyst\/#primaryimage","url":"https:\/\/ats-leibbrand.de\/wp-content\/uploads\/2024\/01\/marvin-meyer-SYTO3xs06fU-unsplash.jpg","contentUrl":"https:\/\/ats-leibbrand.de\/wp-content\/uploads\/2024\/01\/marvin-meyer-SYTO3xs06fU-unsplash.jpg","width":1920,"height":1280},{"@type":"BreadcrumbList","@id":"https:\/\/ats-leibbrand.de\/junior-data-analyst\/#breadcrumb","itemListElement":[{"@type":"ListItem","position":1,"name":"Startseite","item":"https:\/\/ats-leibbrand.de\/"},{"@type":"ListItem","position":2,"name":"(Junior) Data Analyst"}]},{"@type":"WebSite","@id":"https:\/\/ats-leibbrand.de\/#website","url":"https:\/\/ats-leibbrand.de\/","name":"ATS Leibbrand","description":"","publisher":{"@id":"https:\/\/ats-leibbrand.de\/#organization"},"potentialAction":[{"@type":"SearchAction","target":{"@type":"EntryPoint","urlTemplate":"https:\/\/ats-leibbrand.de\/?s={search_term_string}"},"query-input":{"@type":"PropertyValueSpecification","valueRequired":true,"valueName":"search_term_string"}}],"inLanguage":"fr-FR"},{"@type":"Organization","@id":"https:\/\/ats-leibbrand.de\/#organization","name":"ATS Leibbrand","url":"https:\/\/ats-leibbrand.de\/","logo":{"@type":"ImageObject","inLanguage":"fr-FR","@id":"https:\/\/ats-leibbrand.de\/#\/schema\/logo\/image\/","url":"https:\/\/ats-leibbrand.de\/wp-content\/uploads\/2024\/02\/cropped-ats-favicon.png","contentUrl":"https:\/\/ats-leibbrand.de\/wp-content\/uploads\/2024\/02\/cropped-ats-favicon.png","width":512,"height":512,"caption":"ATS Leibbrand"},"image":{"@id":"https:\/\/ats-leibbrand.de\/#\/schema\/logo\/image\/"}}]}},"_links":{"self":[{"href":"https:\/\/ats-leibbrand.de\/fr\/wp-json\/wp\/v2\/pages\/6041","targetHints":{"allow":["GET"]}}],"collection":[{"href":"https:\/\/ats-leibbrand.de\/fr\/wp-json\/wp\/v2\/pages"}],"about":[{"href":"https:\/\/ats-leibbrand.de\/fr\/wp-json\/wp\/v2\/types\/page"}],"author":[{"embeddable":true,"href":"https:\/\/ats-leibbrand.de\/fr\/wp-json\/wp\/v2\/users\/2"}],"replies":[{"embeddable":true,"href":"https:\/\/ats-leibbrand.de\/fr\/wp-json\/wp\/v2\/comments?post=6041"}],"version-history":[{"count":0,"href":"https:\/\/ats-leibbrand.de\/fr\/wp-json\/wp\/v2\/pages\/6041\/revisions"}],"wp:featuredmedia":[{"embeddable":true,"href":"https:\/\/ats-leibbrand.de\/fr\/wp-json\/wp\/v2\/media\/5683"}],"wp:attachment":[{"href":"https:\/\/ats-leibbrand.de\/fr\/wp-json\/wp\/v2\/media?parent=6041"}],"curies":[{"name":"wp","href":"https:\/\/api.w.org\/{rel}","templated":true}]}}